{"id":306,"date":"2022-09-26T10:59:51","date_gmt":"2022-09-26T10:59:51","guid":{"rendered":"https:\/\/dev-v2.bookspot.io\/?page_id=306"},"modified":"2023-07-21T11:54:48","modified_gmt":"2023-07-21T09:54:48","slug":"basta-bokningssystemet","status":"publish","type":"page","link":"https:\/\/bookspot.io\/sv\/basta-bokningssystemet\/","title":{"rendered":"B\u00e4sta bokningssystemet"},"content":{"rendered":"<section\n    class=\"\n        wp-block-hero\n        h-screen\n        justify-start\n        pt-20 lg:pt-0\n        \n        min-h-[450px]\n        lg:min-h-[650px]\n        relative\n        scrollFade\n        flex\n        items-center\n        bg-white\n        bg-no-repeat\n        bg-cover\n        bg-center\n        overflow-hidden\n    \"\n    \n>\n    <div class=\"\n        relative\n        bs-container\n        flex\n        flex-col\n        lg:flex-row\n        px-4\n        py-8\n        md:px-10\n        lg:py-16\n        z-10\n    \">\n        \n        <div class=\"\n            lg:w-[60%]\n            w-[100%]\n            flex\n            flex-col\n            place-self-center\n            lg:col-span-1\n            lg:mr-10\n            z-10\n        \">\n                                                <h1 class=\"text-left\">\n                        B\u00e4sta bokningssystemet\n                    <\/h1>\n                            \n                            <p\n                    class=\"\n                        text-left\n                        mb-6\n                        lg:mb-4\n                        md:text-lg\n                        lg:text-xl\n                        text-black\n                        z-10\n                        max-w-[560px]\n                    \">\n                    BookSpot \u00e4r det b\u00e4sta bokningssystemet f\u00f6r dig som vill ha ett bokningssystem anpassat f\u00f6r uthyrning, aktiviteter, kurser och boende.\n                <\/p>\n            \n            \n            <div class=\"flex flex-col md:flex-row\">\n                                    <a\n                        href=\"https:\/\/bookspot.io\/sv\/boka-demo\/\"\n                        class=\"bs-btn-cta px-10 !shadow-[0_10px_25px_rgba(123,104,238,0.5)]\"\n                    >\n                        Boka demo\n                        <svg class=\"w-5 h-5 ml-2 -mr-1\" fill=\"currentColor\" viewBox=\"0 0 20 20\"\n                             xmlns=\"http:\/\/www.w3.org\/2000\/svg\">\n                            <path fill-rule=\"evenodd\"\n                                  d=\"M10.293 3.293a1 1 0 011.414 0l6 6a1 1 0 010 1.414l-6 6a1 1 0 01-1.414-1.414L14.586 11H3a1 1 0 110-2h11.586l-4.293-4.293a1 1 0 010-1.414z\"\n                                  clip-rule=\"evenodd\"><\/path>\n                        <\/svg>\n                    <\/a>\n                \n                \n                            <\/div>\n        <\/div>\n\n                                    <div class=\"\n                    mt-5\n                    lg:mt-0\n                    lg:grow\n                    lg:px-3\n                    lg:flex\n                    relative\n                \">\n                    \n                    <img decoding=\"async\"\n                        src=\"https:\/\/bookspot.io\/wp-content\/uploads\/2023\/07\/PST_0722-550x500.jpg\"\n                        alt=\"b\u00e4sta bokningssystemet\"\n                        class=\"\n                            w-full\n                            lg:w-auto\n                            object-contain\n                            rounded-[20px]\n                        \"\n                    >\n                <\/div>\n                        <\/div>\n<\/section>\n\n\n\n<section class=\"wp-block-paragraph\">\n    <div class=\"bs-container\">\n        <div class=\"max-w-3xl mx-auto\">\n                            <h3>Utvecklat av oss i branschen<\/h3>\n<p><!-- wp:paragraph --><\/p>\n<p>Vi som har byggt BookSpot anv\u00e4nder sj\u00e4lva detta bokningssystem i v\u00e5r egen verksamhet, som \u00e4r <span style=\"color: #7461ff;\"><a style=\"color: #7461ff;\" href=\"https:\/\/langholmenkajak.se\/\" target=\"_blank\" rel=\"noopener\">Sveriges st\u00f6rsta uthyrning av kajaker och Stand-Up Paddleboards<\/a><\/span>. Fokus f\u00f6r oss \u00e4r att g\u00f6ra bokningsprocessen s\u00e5 enkel och smidig som m\u00f6jligt f\u00f6r kunden. Som administrat\u00f6r av systemet ska man med gott samvete kunna l\u00e4mna \u00f6ver s\u00e5 stor del av bokningsprocessen som m\u00f6jligt till kunden f\u00f6r att spara tid till att utveckla sin verksamhet och ta hand om kunder p\u00e5 plats.<\/p>\n<p>Bokningssystemet \u00e4r helt onlinebaserat s\u00e5 att du kan komma \u00e5t systemet via telefon\/l\u00e4splatta\/dator. BookSpot och kan enkelt integreras p\u00e5 din hemsida, s\u00e5 att kunden kan genomf\u00f6ra sin bokning utan att l\u00e4mna din sida.<\/p>\n<p>&nbsp;<\/p>\n<p><!-- \/wp:paragraph --> <!-- wp:paragraph --><\/p>\n<p><strong>Med BookSpot har man dessutom f\u00f6ljande f\u00f6rdelar:<\/strong><\/p>\n<p><!-- \/wp:paragraph --> <!-- wp:paragraph --><\/p>\n<ul>\n<li>Enkel bokningsprocess f\u00f6r b\u00e5de kund och administrat\u00f6r<!-- \/wp:paragraph --> <!-- wp:paragraph --><\/li>\n<li>Onlinebetalning med Swish och kort<!-- \/wp:paragraph --> <!-- wp:paragraph --><\/li>\n<li>M\u00f6jlighet f\u00f6r kunden att sj\u00e4lv g\u00f6ra \u00e4ndringar i sin bokning<!-- \/wp:paragraph --> <!-- wp:paragraph --><\/li>\n<li>Smarta till\u00e4ggsfunktioner som \u00f6kar dina int\u00e4kter<!-- \/wp:paragraph --> <!-- wp:paragraph --><\/li>\n<li>Tydliga kalendervyer som ger dig bra \u00f6versikt \u00f6ver bokningsl\u00e4get<!-- \/wp:paragraph --> <!-- wp:paragraph --><\/li>\n<li>Tydliga och detaljerade rapporter f\u00f6r bokf\u00f6ring<!-- \/wp:paragraph --> <!-- wp:paragraph --><\/li>\n<li>Inbyggt feedbacksystem som g\u00f6r att kunder kan l\u00e4mna interna recensioner till dig<\/li>\n<\/ul>\n<p><!-- \/wp:paragraph --> <!-- wp:paragraph --><\/p>\n<p>BookSpot \u00e4r rekommenderat av Svenska kanotf\u00f6rbundet f\u00f6r alla kanotcentraler i Sverige. Det ser vi som en bra kvalitetsst\u00e4mpel. Systemet \u00e4r dock inte endast anpassat f\u00f6r kanotuthyrningar utan fungerar lika bra f\u00f6r:<\/p>\n<p><!-- \/wp:paragraph --> <!-- wp:paragraph --><\/p>\n<ul>\n<li>Cykeluthyrning<!-- \/wp:paragraph --> <!-- wp:paragraph --><\/li>\n<li>Skoteruthyrning<!-- \/wp:paragraph --> <!-- wp:paragraph --><\/li>\n<li>Vandrarhem och campingar<!-- \/wp:paragraph --> <!-- wp:paragraph --><\/li>\n<li>Bastubokning<!-- \/wp:paragraph --> <!-- wp:paragraph --><\/li>\n<li>Kurser, turer och event<!-- \/wp:paragraph --> <!-- wp:paragraph --><\/li>\n<li>Gocartbanor<!-- \/wp:paragraph --> <!-- wp:paragraph --><\/li>\n<li>+ m\u00e5nga andra typer av verksamheter<\/li>\n<\/ul>\n<p><!-- \/wp:paragraph --> <!-- wp:paragraph --><\/p>\n<p>Med BookSpot f\u00e5r du total kontroll \u00f6ver dina bokningar och inventarier och du kan vara s\u00e4ker p\u00e5 att dina uthyrningsenheter anv\u00e4nds p\u00e5 ett s\u00e5 effektivt s\u00e4tt som m\u00f6jligt.<\/p>\n<p><!-- \/wp:paragraph --><\/p>\n\n                    <\/div>\n    <\/div>\n<\/section>\n\n\n\n<p><\/p>\n","protected":false},"excerpt":{"rendered":"","protected":false},"author":2,"featured_media":0,"parent":0,"menu_order":0,"comment_status":"closed","ping_status":"closed","template":"","meta":{"_acf_changed":false,"footnotes":""},"class_list":["post-306","page","type-page","status-publish","hentry"],"acf":[],"yoast_head":"<!-- This site is optimized with the Yoast SEO plugin v27.0 - https:\/\/yoast.com\/product\/yoast-seo-wordpress\/ -->\n<title>B\u00e4sta bokningssystemet - Bookspot<\/title>\n<meta name=\"description\" content=\"BookSpot \u00e4r marknadens b\u00e4sta bokningssystem f\u00f6r uthyrnings- och aktivitetsbranschen. Testa gratis idag och spar tid p\u00e5 bokningsarbetet.\" \/>\n<meta name=\"robots\" content=\"index, follow, max-snippet:-1, max-image-preview:large, max-video-preview:-1\" \/>\n<link rel=\"canonical\" href=\"https:\/\/bookspot.io\/sv\/basta-bokningssystemet\/\" \/>\n<meta property=\"og:locale\" content=\"sv_SE\" \/>\n<meta property=\"og:type\" content=\"article\" \/>\n<meta property=\"og:title\" content=\"B\u00e4sta bokningssystemet - Bookspot\" \/>\n<meta property=\"og:description\" content=\"BookSpot \u00e4r marknadens b\u00e4sta bokningssystem f\u00f6r uthyrnings- och aktivitetsbranschen. Testa gratis idag och spar tid p\u00e5 bokningsarbetet.\" \/>\n<meta property=\"og:url\" content=\"https:\/\/bookspot.io\/sv\/basta-bokningssystemet\/\" \/>\n<meta property=\"og:site_name\" content=\"Bookspot\" \/>\n<meta property=\"article:publisher\" content=\"https:\/\/www.facebook.com\/bookspot.booking.system\" \/>\n<meta property=\"article:modified_time\" content=\"2023-07-21T09:54:48+00:00\" \/>\n<meta property=\"og:image\" content=\"https:\/\/bookspot.io\/wp-content\/uploads\/2024\/07\/Avatar_flow-on-transparent.png\" \/>\n\t<meta property=\"og:image:width\" content=\"1671\" \/>\n\t<meta property=\"og:image:height\" content=\"1671\" \/>\n\t<meta property=\"og:image:type\" content=\"image\/png\" \/>\n<meta name=\"twitter:card\" content=\"summary_large_image\" \/>\n<script type=\"application\/ld+json\" class=\"yoast-schema-graph\">{\"@context\":\"https:\/\/schema.org\",\"@graph\":[{\"@type\":\"WebPage\",\"@id\":\"https:\/\/bookspot.io\/sv\/basta-bokningssystemet\/\",\"url\":\"https:\/\/bookspot.io\/sv\/basta-bokningssystemet\/\",\"name\":\"B\u00e4sta bokningssystemet - Bookspot\",\"isPartOf\":{\"@id\":\"\/#website\"},\"datePublished\":\"2022-09-26T10:59:51+00:00\",\"dateModified\":\"2023-07-21T09:54:48+00:00\",\"description\":\"BookSpot \u00e4r marknadens b\u00e4sta bokningssystem f\u00f6r uthyrnings- och aktivitetsbranschen. Testa gratis idag och spar tid p\u00e5 bokningsarbetet.\",\"breadcrumb\":{\"@id\":\"https:\/\/bookspot.io\/sv\/basta-bokningssystemet\/#breadcrumb\"},\"inLanguage\":\"sv-SE\",\"potentialAction\":[{\"@type\":\"ReadAction\",\"target\":[\"https:\/\/bookspot.io\/sv\/basta-bokningssystemet\/\"]}]},{\"@type\":\"BreadcrumbList\",\"@id\":\"https:\/\/bookspot.io\/sv\/basta-bokningssystemet\/#breadcrumb\",\"itemListElement\":[{\"@type\":\"ListItem\",\"position\":1,\"name\":\"Home\",\"item\":\"https:\/\/bookspot.io\/sv\/\"},{\"@type\":\"ListItem\",\"position\":2,\"name\":\"B\u00e4sta bokningssystemet\"}]},{\"@type\":\"WebSite\",\"@id\":\"\/#website\",\"url\":\"\/\",\"name\":\"BookSpot\",\"description\":\"Bokningssystem f\u00f6r aktiviteter\",\"publisher\":{\"@id\":\"\/#organization\"},\"potentialAction\":[{\"@type\":\"SearchAction\",\"target\":{\"@type\":\"EntryPoint\",\"urlTemplate\":\"\/?s={search_term_string}\"},\"query-input\":{\"@type\":\"PropertyValueSpecification\",\"valueRequired\":true,\"valueName\":\"search_term_string\"}}],\"inLanguage\":\"sv-SE\"},{\"@type\":\"Organization\",\"@id\":\"\/#organization\",\"name\":\"BookSpot\",\"url\":\"\/\",\"logo\":{\"@type\":\"ImageObject\",\"inLanguage\":\"sv-SE\",\"@id\":\"\/#\/schema\/logo\/image\/\",\"url\":\"https:\/\/bookspot.io\/wp-content\/uploads\/2024\/07\/Symbol_flow.svg\",\"contentUrl\":\"https:\/\/bookspot.io\/wp-content\/uploads\/2024\/07\/Symbol_flow.svg\",\"width\":1,\"height\":1,\"caption\":\"BookSpot\"},\"image\":{\"@id\":\"\/#\/schema\/logo\/image\/\"},\"sameAs\":[\"https:\/\/www.facebook.com\/bookspot.booking.system\"]}]}<\/script>\n<!-- \/ Yoast SEO plugin. -->","yoast_head_json":{"title":"B\u00e4sta bokningssystemet - Bookspot","description":"BookSpot \u00e4r marknadens b\u00e4sta bokningssystem f\u00f6r uthyrnings- och aktivitetsbranschen. Testa gratis idag och spar tid p\u00e5 bokningsarbetet.","robots":{"index":"index","follow":"follow","max-snippet":"max-snippet:-1","max-image-preview":"max-image-preview:large","max-video-preview":"max-video-preview:-1"},"canonical":"https:\/\/bookspot.io\/sv\/basta-bokningssystemet\/","og_locale":"sv_SE","og_type":"article","og_title":"B\u00e4sta bokningssystemet - Bookspot","og_description":"BookSpot \u00e4r marknadens b\u00e4sta bokningssystem f\u00f6r uthyrnings- och aktivitetsbranschen. Testa gratis idag och spar tid p\u00e5 bokningsarbetet.","og_url":"https:\/\/bookspot.io\/sv\/basta-bokningssystemet\/","og_site_name":"Bookspot","article_publisher":"https:\/\/www.facebook.com\/bookspot.booking.system","article_modified_time":"2023-07-21T09:54:48+00:00","og_image":[{"width":1671,"height":1671,"url":"https:\/\/bookspot.io\/wp-content\/uploads\/2024\/07\/Avatar_flow-on-transparent.png","type":"image\/png"}],"twitter_card":"summary_large_image","schema":{"@context":"https:\/\/schema.org","@graph":[{"@type":"WebPage","@id":"https:\/\/bookspot.io\/sv\/basta-bokningssystemet\/","url":"https:\/\/bookspot.io\/sv\/basta-bokningssystemet\/","name":"B\u00e4sta bokningssystemet - Bookspot","isPartOf":{"@id":"\/#website"},"datePublished":"2022-09-26T10:59:51+00:00","dateModified":"2023-07-21T09:54:48+00:00","description":"BookSpot \u00e4r marknadens b\u00e4sta bokningssystem f\u00f6r uthyrnings- och aktivitetsbranschen. Testa gratis idag och spar tid p\u00e5 bokningsarbetet.","breadcrumb":{"@id":"https:\/\/bookspot.io\/sv\/basta-bokningssystemet\/#breadcrumb"},"inLanguage":"sv-SE","potentialAction":[{"@type":"ReadAction","target":["https:\/\/bookspot.io\/sv\/basta-bokningssystemet\/"]}]},{"@type":"BreadcrumbList","@id":"https:\/\/bookspot.io\/sv\/basta-bokningssystemet\/#breadcrumb","itemListElement":[{"@type":"ListItem","position":1,"name":"Home","item":"https:\/\/bookspot.io\/sv\/"},{"@type":"ListItem","position":2,"name":"B\u00e4sta bokningssystemet"}]},{"@type":"WebSite","@id":"\/#website","url":"\/","name":"BookSpot","description":"Bokningssystem f\u00f6r aktiviteter","publisher":{"@id":"\/#organization"},"potentialAction":[{"@type":"SearchAction","target":{"@type":"EntryPoint","urlTemplate":"\/?s={search_term_string}"},"query-input":{"@type":"PropertyValueSpecification","valueRequired":true,"valueName":"search_term_string"}}],"inLanguage":"sv-SE"},{"@type":"Organization","@id":"\/#organization","name":"BookSpot","url":"\/","logo":{"@type":"ImageObject","inLanguage":"sv-SE","@id":"\/#\/schema\/logo\/image\/","url":"https:\/\/bookspot.io\/wp-content\/uploads\/2024\/07\/Symbol_flow.svg","contentUrl":"https:\/\/bookspot.io\/wp-content\/uploads\/2024\/07\/Symbol_flow.svg","width":1,"height":1,"caption":"BookSpot"},"image":{"@id":"\/#\/schema\/logo\/image\/"},"sameAs":["https:\/\/www.facebook.com\/bookspot.booking.system"]}]}},"_links":{"self":[{"href":"https:\/\/bookspot.io\/sv\/wp-json\/wp\/v2\/pages\/306","targetHints":{"allow":["GET"]}}],"collection":[{"href":"https:\/\/bookspot.io\/sv\/wp-json\/wp\/v2\/pages"}],"about":[{"href":"https:\/\/bookspot.io\/sv\/wp-json\/wp\/v2\/types\/page"}],"author":[{"embeddable":true,"href":"https:\/\/bookspot.io\/sv\/wp-json\/wp\/v2\/users\/2"}],"replies":[{"embeddable":true,"href":"https:\/\/bookspot.io\/sv\/wp-json\/wp\/v2\/comments?post=306"}],"version-history":[{"count":34,"href":"https:\/\/bookspot.io\/sv\/wp-json\/wp\/v2\/pages\/306\/revisions"}],"predecessor-version":[{"id":1416,"href":"https:\/\/bookspot.io\/sv\/wp-json\/wp\/v2\/pages\/306\/revisions\/1416"}],"wp:attachment":[{"href":"https:\/\/bookspot.io\/sv\/wp-json\/wp\/v2\/media?parent=306"}],"curies":[{"name":"wp","href":"https:\/\/api.w.org\/{rel}","templated":true}]}}