{"id":302,"date":"2022-09-26T10:59:30","date_gmt":"2022-09-26T10:59:30","guid":{"rendered":"https:\/\/dev-v2.bookspot.io\/?page_id=302"},"modified":"2023-07-21T11:56:27","modified_gmt":"2023-07-21T09:56:27","slug":"gratis-bokningssystem","status":"publish","type":"page","link":"https:\/\/bookspot.io\/sv\/gratis-bokningssystem\/","title":{"rendered":"Gratis bokningssystem"},"content":{"rendered":"<section\n    class=\"\n        wp-block-hero\n        lg:h-[50vh]\n        justify-start\n        pt-20 lg:pt-0\n        \n        min-h-[450px]\n        lg:min-h-[650px]\n        relative\n        scrollFade\n        flex\n        items-center\n        bg-white\n        bg-no-repeat\n        bg-cover\n        bg-center\n        overflow-hidden\n    \"\n    \n>\n    <div class=\"\n        relative\n        bs-container\n        flex\n        flex-col\n        lg:flex-row\n        px-4\n        py-8\n        md:px-10\n        lg:py-16\n        z-10\n    \">\n        \n        <div class=\"\n            lg:w-[70%]\n            w-[100%]\n            flex\n            flex-col\n            place-self-center\n            lg:col-span-1\n            lg:mr-10\n            z-10\n        \">\n                                                <h1 class=\"text-left\">\n                        Gratis bokningssystem\n                    <\/h1>\n                            \n                            <p\n                    class=\"\n                        text-left\n                        mb-6\n                        lg:mb-4\n                        md:text-lg\n                        lg:text-xl\n                        text-black\n                        z-10\n                        max-w-[560px]\n                    \">\n                    Testa marknadens b\u00e4sta bokningssystem gratis och uppt\u00e4ck funktionerna f\u00f6r uthyrning, aktiviteter, och kurser, som b\u00e5de kommer spara dig tid och \u00f6ka dina int\u00e4kter.\n                <\/p>\n            \n            \n            <div class=\"flex flex-col md:flex-row\">\n                \n                \n                            <\/div>\n        <\/div>\n\n                                    <div class=\"\n                    mt-5\n                    lg:mt-0\n                    lg:grow\n                    lg:px-3\n                    lg:flex\n                    relative\n                \">\n                    \n                    <img decoding=\"async\"\n                        src=\"https:\/\/bookspot.io\/wp-content\/uploads\/2023\/07\/PST_9819-550x500.jpg\"\n                        alt=\"PST_9819\"\n                        class=\"\n                            w-full\n                            lg:w-auto\n                            object-cover\n                            rounded-[20px]\n                        \"\n                    >\n                <\/div>\n                        <\/div>\n<\/section>\n\n\n\n<section class=\"wp-block-paragraph\">\n    <div class=\"bs-container\">\n        <div class=\"max-w-3xl mx-auto\">\n                            <p>BookSpot \u00e4r ett smidigt och enkelt bokningssystem som passar f\u00f6r m\u00e5nga typer av behov. De stora f\u00f6rdelarna med systemet \u00e4r det sparar dig tid och ger dig m\u00f6jlighet att \u00f6ka dina int\u00e4kter. Bokningssystemet \u00e4r gratis att testa, du betalar aldrig n\u00e5gra fasta avgifter eller m\u00e5nadsavgifter. P\u00e5 detta s\u00e4tt kan du testa systemet, helt gratis, f\u00f6r att se att det passar din verksamhet.<\/p>\n<p>&nbsp;<\/p>\n<p><strong>BookSpot anv\u00e4nds f\u00f6r m\u00e5nga olika verksamheter, till exempel:<\/strong><\/p>\n<ul>\n<li>Bokning av kurser och event<\/li>\n<li>Uthyrning av cyklar, kajaker, SUP, kanoter, b\u00e5tar<\/li>\n<li>Bokning av h\u00f6gh\u00f6jdsbana<\/li>\n<li>Bokning av bastu<\/li>\n<li>Bokning av enklare boende<\/li>\n<li>Bokning av aktiviteter och turer s\u00e5som yoga\/vandring\/fiske<\/li>\n<\/ul>\n<p>&nbsp;<\/p>\n<p><strong>Varf\u00f6r ha ett bokningssystem?<\/strong><\/p>\n<p>Att ha ett bokningssystem g\u00f6r att du kan ta emot bokningar n\u00e4rsomhelst p\u00e5 dygnet, du beh\u00f6ver inte sj\u00e4lv hantera alla bokningar som kommer in. Du kan ta emot bokningar \u201dmedan du sover\u201d. Detta g\u00f6r att du sparar mycket v\u00e4rdefull tid som g\u00f6r att du kan fokusera p\u00e5 att utveckla din verksamhet p\u00e5 andra s\u00e4tt. Alla kunder som anv\u00e4nder BookSpot har \u00f6kat sina int\u00e4kter sedan de b\u00f6rjade anv\u00e4nda detta bokningssystem.<\/p>\n<p>Alla bokningar som kommer in, visas tydligt i ett bokningsschema, s\u00e5 att du vet exakt vilka bokningar du har under dagen kan f\u00f6rbereda f\u00f6r detta. Du f\u00e5r 100% koll p\u00e5 bokningar och statistik.<\/p>\n<p>Med BookSpot kan du enkelt l\u00e4gga in nya produkter\/aktiviteter\/event, st\u00e4lla in kapacitet, v\u00e4lja hur l\u00e4nge varje produkt ska vara bokningsbar, st\u00e4lla in \u00f6ppettider, och mycket mycket mer.<\/p>\n<p>Vi som har skapat BookSpot anv\u00e4nder systemet sj\u00e4lv vid v\u00e5r <a href=\"https:\/\/langholmenkajak.se\/\" target=\"_blank\" rel=\"noopener\"><span style=\"color: #7461ff;\">kajakuthyrning p\u00e5 L\u00e5ngholmen i Stockholm<\/span><\/a>. BookSpot har varit till stor hj\u00e4lp i v\u00e5r tillv\u00e4xtresa.<\/p>\n<p>Vi har lagt mycket fokus p\u00e5 att g\u00f6ra bokningssystemet s\u00e5 enkelt och l\u00e4ttanv\u00e4nt som m\u00f6jligt, b\u00e5de f\u00f6r kunden och f\u00f6r dig om administrat\u00f6r. Du kan enkelt l\u00e4gga in egna bokningsavtal, bokningsbekr\u00e4ftelser och du har m\u00f6jlighet att uppmana kunder till att ge dig intern feedback efter deras bes\u00f6k (<a href=\"https:\/\/help.outventures.se\/article\/51-nps\" target=\"_blank\" rel=\"noopener\"><span style=\"color: #7461ff;\">Net Promoter Score<\/span><\/a>).<\/p>\n<p>L\u00e5t oss g\u00e4rna visa dig hur BookSpot kan hj\u00e4lpa din verksamhet att blomstra &#8211; <a href=\"https:\/\/bookspot.io\/se\/boka-demo\/\" target=\"_blank\" rel=\"noopener\"><span style=\"color: #7461ff;\">Boka en demo med en av v\u00e5ra medarbetare.<\/span><\/a><\/p>\n\n                    <\/div>\n    <\/div>\n<\/section>\n","protected":false},"excerpt":{"rendered":"","protected":false},"author":2,"featured_media":0,"parent":0,"menu_order":0,"comment_status":"closed","ping_status":"closed","template":"","meta":{"_acf_changed":false,"footnotes":""},"class_list":["post-302","page","type-page","status-publish","hentry"],"acf":[],"yoast_head":"<!-- This site is optimized with the Yoast SEO plugin v27.0 - https:\/\/yoast.com\/product\/yoast-seo-wordpress\/ -->\n<title>Gratis bokningssystem - Bookspot<\/title>\n<meta name=\"description\" content=\"BookSpot \u00e4r marknadens b\u00e4sta bokningssystem f\u00f6r uthyrning, aktiviteter, och kurser. L\u00e4tt att komma ig\u00e5ng och l\u00e4tt att anv\u00e4nda. Testa gratis.\" \/>\n<meta name=\"robots\" content=\"index, follow, max-snippet:-1, max-image-preview:large, max-video-preview:-1\" \/>\n<link rel=\"canonical\" href=\"https:\/\/bookspot.io\/sv\/gratis-bokningssystem\/\" \/>\n<meta property=\"og:locale\" content=\"sv_SE\" \/>\n<meta property=\"og:type\" content=\"article\" \/>\n<meta property=\"og:title\" content=\"Gratis bokningssystem - Bookspot\" \/>\n<meta property=\"og:description\" content=\"BookSpot \u00e4r marknadens b\u00e4sta bokningssystem f\u00f6r uthyrning, aktiviteter, och kurser. L\u00e4tt att komma ig\u00e5ng och l\u00e4tt att anv\u00e4nda. Testa gratis.\" \/>\n<meta property=\"og:url\" content=\"https:\/\/bookspot.io\/sv\/gratis-bokningssystem\/\" \/>\n<meta property=\"og:site_name\" content=\"Bookspot\" \/>\n<meta property=\"article:publisher\" content=\"https:\/\/www.facebook.com\/bookspot.booking.system\" \/>\n<meta property=\"article:modified_time\" content=\"2023-07-21T09:56:27+00:00\" \/>\n<meta property=\"og:image\" content=\"https:\/\/bookspot.io\/wp-content\/uploads\/2024\/07\/Avatar_flow-on-transparent.png\" \/>\n\t<meta property=\"og:image:width\" content=\"1671\" \/>\n\t<meta property=\"og:image:height\" content=\"1671\" \/>\n\t<meta property=\"og:image:type\" content=\"image\/png\" \/>\n<meta name=\"twitter:card\" content=\"summary_large_image\" \/>\n<script type=\"application\/ld+json\" class=\"yoast-schema-graph\">{\"@context\":\"https:\/\/schema.org\",\"@graph\":[{\"@type\":\"WebPage\",\"@id\":\"https:\/\/bookspot.io\/sv\/gratis-bokningssystem\/\",\"url\":\"https:\/\/bookspot.io\/sv\/gratis-bokningssystem\/\",\"name\":\"Gratis bokningssystem - Bookspot\",\"isPartOf\":{\"@id\":\"\/#website\"},\"datePublished\":\"2022-09-26T10:59:30+00:00\",\"dateModified\":\"2023-07-21T09:56:27+00:00\",\"description\":\"BookSpot \u00e4r marknadens b\u00e4sta bokningssystem f\u00f6r uthyrning, aktiviteter, och kurser. L\u00e4tt att komma ig\u00e5ng och l\u00e4tt att anv\u00e4nda. Testa gratis.\",\"breadcrumb\":{\"@id\":\"https:\/\/bookspot.io\/sv\/gratis-bokningssystem\/#breadcrumb\"},\"inLanguage\":\"sv-SE\",\"potentialAction\":[{\"@type\":\"ReadAction\",\"target\":[\"https:\/\/bookspot.io\/sv\/gratis-bokningssystem\/\"]}]},{\"@type\":\"BreadcrumbList\",\"@id\":\"https:\/\/bookspot.io\/sv\/gratis-bokningssystem\/#breadcrumb\",\"itemListElement\":[{\"@type\":\"ListItem\",\"position\":1,\"name\":\"Home\",\"item\":\"https:\/\/bookspot.io\/sv\/\"},{\"@type\":\"ListItem\",\"position\":2,\"name\":\"Gratis bokningssystem\"}]},{\"@type\":\"WebSite\",\"@id\":\"\/#website\",\"url\":\"\/\",\"name\":\"BookSpot\",\"description\":\"Bokningssystem f\u00f6r aktiviteter\",\"publisher\":{\"@id\":\"\/#organization\"},\"potentialAction\":[{\"@type\":\"SearchAction\",\"target\":{\"@type\":\"EntryPoint\",\"urlTemplate\":\"\/?s={search_term_string}\"},\"query-input\":{\"@type\":\"PropertyValueSpecification\",\"valueRequired\":true,\"valueName\":\"search_term_string\"}}],\"inLanguage\":\"sv-SE\"},{\"@type\":\"Organization\",\"@id\":\"\/#organization\",\"name\":\"BookSpot\",\"url\":\"\/\",\"logo\":{\"@type\":\"ImageObject\",\"inLanguage\":\"sv-SE\",\"@id\":\"\/#\/schema\/logo\/image\/\",\"url\":\"https:\/\/bookspot.io\/wp-content\/uploads\/2024\/07\/Symbol_flow.svg\",\"contentUrl\":\"https:\/\/bookspot.io\/wp-content\/uploads\/2024\/07\/Symbol_flow.svg\",\"width\":1,\"height\":1,\"caption\":\"BookSpot\"},\"image\":{\"@id\":\"\/#\/schema\/logo\/image\/\"},\"sameAs\":[\"https:\/\/www.facebook.com\/bookspot.booking.system\"]}]}<\/script>\n<!-- \/ Yoast SEO plugin. -->","yoast_head_json":{"title":"Gratis bokningssystem - Bookspot","description":"BookSpot \u00e4r marknadens b\u00e4sta bokningssystem f\u00f6r uthyrning, aktiviteter, och kurser. L\u00e4tt att komma ig\u00e5ng och l\u00e4tt att anv\u00e4nda. Testa gratis.","robots":{"index":"index","follow":"follow","max-snippet":"max-snippet:-1","max-image-preview":"max-image-preview:large","max-video-preview":"max-video-preview:-1"},"canonical":"https:\/\/bookspot.io\/sv\/gratis-bokningssystem\/","og_locale":"sv_SE","og_type":"article","og_title":"Gratis bokningssystem - Bookspot","og_description":"BookSpot \u00e4r marknadens b\u00e4sta bokningssystem f\u00f6r uthyrning, aktiviteter, och kurser. L\u00e4tt att komma ig\u00e5ng och l\u00e4tt att anv\u00e4nda. Testa gratis.","og_url":"https:\/\/bookspot.io\/sv\/gratis-bokningssystem\/","og_site_name":"Bookspot","article_publisher":"https:\/\/www.facebook.com\/bookspot.booking.system","article_modified_time":"2023-07-21T09:56:27+00:00","og_image":[{"width":1671,"height":1671,"url":"https:\/\/bookspot.io\/wp-content\/uploads\/2024\/07\/Avatar_flow-on-transparent.png","type":"image\/png"}],"twitter_card":"summary_large_image","schema":{"@context":"https:\/\/schema.org","@graph":[{"@type":"WebPage","@id":"https:\/\/bookspot.io\/sv\/gratis-bokningssystem\/","url":"https:\/\/bookspot.io\/sv\/gratis-bokningssystem\/","name":"Gratis bokningssystem - Bookspot","isPartOf":{"@id":"\/#website"},"datePublished":"2022-09-26T10:59:30+00:00","dateModified":"2023-07-21T09:56:27+00:00","description":"BookSpot \u00e4r marknadens b\u00e4sta bokningssystem f\u00f6r uthyrning, aktiviteter, och kurser. L\u00e4tt att komma ig\u00e5ng och l\u00e4tt att anv\u00e4nda. Testa gratis.","breadcrumb":{"@id":"https:\/\/bookspot.io\/sv\/gratis-bokningssystem\/#breadcrumb"},"inLanguage":"sv-SE","potentialAction":[{"@type":"ReadAction","target":["https:\/\/bookspot.io\/sv\/gratis-bokningssystem\/"]}]},{"@type":"BreadcrumbList","@id":"https:\/\/bookspot.io\/sv\/gratis-bokningssystem\/#breadcrumb","itemListElement":[{"@type":"ListItem","position":1,"name":"Home","item":"https:\/\/bookspot.io\/sv\/"},{"@type":"ListItem","position":2,"name":"Gratis bokningssystem"}]},{"@type":"WebSite","@id":"\/#website","url":"\/","name":"BookSpot","description":"Bokningssystem f\u00f6r aktiviteter","publisher":{"@id":"\/#organization"},"potentialAction":[{"@type":"SearchAction","target":{"@type":"EntryPoint","urlTemplate":"\/?s={search_term_string}"},"query-input":{"@type":"PropertyValueSpecification","valueRequired":true,"valueName":"search_term_string"}}],"inLanguage":"sv-SE"},{"@type":"Organization","@id":"\/#organization","name":"BookSpot","url":"\/","logo":{"@type":"ImageObject","inLanguage":"sv-SE","@id":"\/#\/schema\/logo\/image\/","url":"https:\/\/bookspot.io\/wp-content\/uploads\/2024\/07\/Symbol_flow.svg","contentUrl":"https:\/\/bookspot.io\/wp-content\/uploads\/2024\/07\/Symbol_flow.svg","width":1,"height":1,"caption":"BookSpot"},"image":{"@id":"\/#\/schema\/logo\/image\/"},"sameAs":["https:\/\/www.facebook.com\/bookspot.booking.system"]}]}},"_links":{"self":[{"href":"https:\/\/bookspot.io\/sv\/wp-json\/wp\/v2\/pages\/302","targetHints":{"allow":["GET"]}}],"collection":[{"href":"https:\/\/bookspot.io\/sv\/wp-json\/wp\/v2\/pages"}],"about":[{"href":"https:\/\/bookspot.io\/sv\/wp-json\/wp\/v2\/types\/page"}],"author":[{"embeddable":true,"href":"https:\/\/bookspot.io\/sv\/wp-json\/wp\/v2\/users\/2"}],"replies":[{"embeddable":true,"href":"https:\/\/bookspot.io\/sv\/wp-json\/wp\/v2\/comments?post=302"}],"version-history":[{"count":24,"href":"https:\/\/bookspot.io\/sv\/wp-json\/wp\/v2\/pages\/302\/revisions"}],"predecessor-version":[{"id":1420,"href":"https:\/\/bookspot.io\/sv\/wp-json\/wp\/v2\/pages\/302\/revisions\/1420"}],"wp:attachment":[{"href":"https:\/\/bookspot.io\/sv\/wp-json\/wp\/v2\/media?parent=302"}],"curies":[{"name":"wp","href":"https:\/\/api.w.org\/{rel}","templated":true}]}}