{"id":300,"date":"2022-09-26T10:59:20","date_gmt":"2022-09-26T10:59:20","guid":{"rendered":"https:\/\/dev-v2.bookspot.io\/?page_id=300"},"modified":"2023-07-21T12:07:56","modified_gmt":"2023-07-21T10:07:56","slug":"bokningssystem-online","status":"publish","type":"page","link":"https:\/\/bookspot.io\/sv\/bokningssystem-online\/","title":{"rendered":"Bokningssystem online"},"content":{"rendered":"<section\n    class=\"\n        wp-block-hero\n        h-screen\n        justify-start\n        pt-20 lg:pt-0\n        \n        min-h-[450px]\n        lg:min-h-[650px]\n        relative\n        scrollFade\n        flex\n        items-center\n        bg-white\n        bg-no-repeat\n        bg-cover\n        bg-center\n        overflow-hidden\n    \"\n    \n>\n    <div class=\"\n        relative\n        bs-container\n        flex\n        flex-col\n        lg:flex-row\n        px-4\n        py-8\n        md:px-10\n        lg:py-16\n        z-10\n    \">\n        \n        <div class=\"\n            lg:w-[60%]\n            w-[100%]\n            flex\n            flex-col\n            place-self-center\n            lg:col-span-1\n            lg:mr-10\n            z-10\n        \">\n                                                <h1 class=\"text-left\">\n                        Bokningssystem online\n                    <\/h1>\n                            \n                            <p\n                    class=\"\n                        text-left\n                        mb-6\n                        lg:mb-4\n                        md:text-lg\n                        lg:text-xl\n                        text-black\n                        z-10\n                        max-w-[560px]\n                    \">\n                    BookSpot \u00e4r ett onlinebaserat bokningssystem som \u00e4r enkelt och l\u00e4ttanv\u00e4nt. Med BookSpot f\u00e5r du en tydlig \u00f6versikt \u00f6ver dina bokningar och full koll p\u00e5 din verksamhet.\n                <\/p>\n            \n            \n            <div class=\"flex flex-col md:flex-row\">\n                \n                \n                            <\/div>\n        <\/div>\n\n                                    <div class=\"\n                    mt-5\n                    lg:mt-0\n                    lg:grow\n                    lg:px-3\n                    lg:flex\n                    relative\n                \">\n                    \n                    <img decoding=\"async\"\n                        src=\"https:\/\/bookspot.io\/wp-content\/uploads\/2023\/07\/LIda-DSC_4734-1600-550x500.jpg\"\n                        alt=\"Online bokningsystem\"\n                        class=\"\n                            w-full\n                            lg:w-auto\n                            object-cover\n                            rounded-[20px]\n                        \"\n                    >\n                <\/div>\n                        <\/div>\n<\/section>\n\n\n\n<section class=\"wp-block-paragraph\">\n    <div class=\"bs-container\">\n        <div class=\"max-w-3xl mx-auto\">\n                            <p>BookSpot \u00e4r ett molnbaserat bokningssystem, vilket inneb\u00e4r att du kommer \u00e5t systemet fr\u00e5n vilken enhet som helst som \u00e4r ansluten till internet (dator, telefon, l\u00e4splatta). <span style=\"color: #7461ff;\"><a style=\"color: #7461ff;\" href=\"https:\/\/help.outventures.se\/article\/131-anvand-bookspot-pa-andra-enheter\" target=\"_blank\" rel=\"noopener\">H\u00e4r kan du l\u00e4sa mer om hur du anv\u00e4nder bokningssystemet p\u00e5 olika enheter.<\/a><\/span> Bokningssystemet implementeras \u00e4ven enkelt med en bokningswidget p\u00e5 din nuvarande hemsida.<\/p>\n<p>F\u00f6rdelarna med att ha ett bokningssystem online \u00e4r att du inte \u00e4r bunden till en viss enhet f\u00f6r att logga in i systemet, du beh\u00f6ver inte heller installera n\u00e5gon programvara \u2013 allt finns i tillg\u00e4ngligt molnet.<\/p>\n<p>Bokningssystemet BookSpot kan anv\u00e4ndas f\u00f6r m\u00e5nga olika \u00e4ndam\u00e5l; f\u00f6r uthyrningsverksamhet, f\u00f6r kurser och eventverksamhet samt f\u00f6r bokning av lokaler som bastu\/relax\/konferensrum.<\/p>\n<p>&nbsp;<\/p>\n<p><strong>Vilka funktioner finns i BookSpot?<\/strong><\/p>\n<p>I BookSpot s\u00e4tter du enkelt upp de produkter och tj\u00e4nster du vill erbjuda. V\u00e4lj sj\u00e4lv hur l\u00e4nge varje produkt\/tj\u00e4nst ska vara bokningsbar samt n\u00e4r och hur m\u00e5nga av dessa som ska vara tillg\u00e4ngliga. Du s\u00e4tter sedan priser p\u00e5 respektive produkt, d\u00e4r du har m\u00f6jlighet att s\u00e4tta olika priser p\u00e5 olika bokningsl\u00e4ngder.<\/p>\n<ul>\n<li>Du kan l\u00e4gga in bilder p\u00e5 varje produkt\/tj\u00e4nst och l\u00e4mpliga till\u00e4ggsprodukter f\u00f6r att \u00f6ka din merf\u00f6rs\u00e4ljning.<\/li>\n<li>Till varje produkt kan du koppla en orderbekr\u00e4ftelse som kunden f\u00e5r n\u00e4r denna bokar online.<\/li>\n<li>\u00d6ppettider st\u00e4lls enkelt in och du kan v\u00e4lja att ha olika \u00f6ppettider f\u00f6r olika produkter\/tj\u00e4nster, om du \u00f6nskar det.<\/li>\n<li>Dina kunder kan sedan boka och betala via bokningssystemet p\u00e5 din hemsida. Betalning kan ske med kort eller swish. Du v\u00e4ljer sj\u00e4lv om kunderna ska kunna v\u00e4lja omboknings- eller avbokningsgaranti.<\/li>\n<li>Efter genomf\u00f6rd bokning f\u00e5r kunden en bokningsbekr\u00e4ftelse. I bokningsbekr\u00e4ftelsen kan kunden sedan sj\u00e4lv boka om sin tid, vilket g\u00f6r att du som administrat\u00f6r inte beh\u00f6ver hantera ombokningen.<\/li>\n<li>Efter genomf\u00f6rd aktivitet kan du v\u00e4lja att systemet skickar ut en f\u00f6rfr\u00e5gan om hur kunden upplevde bes\u00f6ket (NPS), och du f\u00e5r denna interna v\u00e4rdefulla feedback skickad till dig.<\/li>\n<\/ul>\n<p>Ut\u00f6ver dessa funktioner finns \u00e4ven m\u00e5nga andra bra och smarta funktioner f\u00f6r att optimera antalet kunder och minimera den administration som beh\u00f6ver l\u00e4ggas p\u00e5 dessa.<\/p>\n<p>&nbsp;<\/p>\n<p><strong>Hur kommer man ig\u00e5ng med BookSpot?<\/strong><\/p>\n<p>Det \u00e4r mycket enkelt att komma ig\u00e5ng med BookSpot och vi hj\u00e4lper dig g\u00e4rna! Det b\u00e4sta \u00e4r att ringa oss p\u00e5 08-745 02 02 eller <a href=\"https:\/\/bookspot.io\/se\/boka-demo\/\" target=\"_blank\" rel=\"noopener\"><span style=\"color: #7461ff;\">boka in en demo<\/span><\/a>, s\u00e5 f\u00e5r vi veta mer om dina behov och hur vi kan s\u00e4tta upp ditt konto f\u00f6r att du ska f\u00e5 ut s\u00e5 mycket av systemet som m\u00f6jligt!<\/p>\n\n                    <\/div>\n    <\/div>\n<\/section>\n","protected":false},"excerpt":{"rendered":"","protected":false},"author":2,"featured_media":0,"parent":0,"menu_order":0,"comment_status":"closed","ping_status":"closed","template":"","meta":{"_acf_changed":false,"footnotes":""},"class_list":["post-300","page","type-page","status-publish","hentry"],"acf":[],"yoast_head":"<!-- This site is optimized with the Yoast SEO plugin v27.0 - https:\/\/yoast.com\/product\/yoast-seo-wordpress\/ -->\n<title>Bokningssystem online - Bookspot<\/title>\n<meta name=\"description\" content=\"BookSpot \u00e4r ett digitalt bokningssystem som g\u00f6r det enkelt och effektivt att h\u00e5lla koll p\u00e5 och hantera din verksamhets bokningar online.\" \/>\n<meta name=\"robots\" content=\"index, follow, max-snippet:-1, max-image-preview:large, max-video-preview:-1\" \/>\n<link rel=\"canonical\" href=\"https:\/\/bookspot.io\/sv\/bokningssystem-online\/\" \/>\n<meta property=\"og:locale\" content=\"sv_SE\" \/>\n<meta property=\"og:type\" content=\"article\" \/>\n<meta property=\"og:title\" content=\"Bokningssystem online - Bookspot\" \/>\n<meta property=\"og:description\" content=\"BookSpot \u00e4r ett digitalt bokningssystem som g\u00f6r det enkelt och effektivt att h\u00e5lla koll p\u00e5 och hantera din verksamhets bokningar online.\" \/>\n<meta property=\"og:url\" content=\"https:\/\/bookspot.io\/sv\/bokningssystem-online\/\" \/>\n<meta property=\"og:site_name\" content=\"Bookspot\" \/>\n<meta property=\"article:publisher\" content=\"https:\/\/www.facebook.com\/bookspot.booking.system\" \/>\n<meta property=\"article:modified_time\" content=\"2023-07-21T10:07:56+00:00\" \/>\n<meta property=\"og:image\" content=\"https:\/\/bookspot.io\/wp-content\/uploads\/2024\/07\/Avatar_flow-on-transparent.png\" \/>\n\t<meta property=\"og:image:width\" content=\"1671\" \/>\n\t<meta property=\"og:image:height\" content=\"1671\" \/>\n\t<meta property=\"og:image:type\" content=\"image\/png\" \/>\n<meta name=\"twitter:card\" content=\"summary_large_image\" \/>\n<script type=\"application\/ld+json\" class=\"yoast-schema-graph\">{\"@context\":\"https:\/\/schema.org\",\"@graph\":[{\"@type\":\"WebPage\",\"@id\":\"https:\/\/bookspot.io\/sv\/bokningssystem-online\/\",\"url\":\"https:\/\/bookspot.io\/sv\/bokningssystem-online\/\",\"name\":\"Bokningssystem online - Bookspot\",\"isPartOf\":{\"@id\":\"\/#website\"},\"datePublished\":\"2022-09-26T10:59:20+00:00\",\"dateModified\":\"2023-07-21T10:07:56+00:00\",\"description\":\"BookSpot \u00e4r ett digitalt bokningssystem som g\u00f6r det enkelt och effektivt att h\u00e5lla koll p\u00e5 och hantera din verksamhets bokningar online.\",\"breadcrumb\":{\"@id\":\"https:\/\/bookspot.io\/sv\/bokningssystem-online\/#breadcrumb\"},\"inLanguage\":\"sv-SE\",\"potentialAction\":[{\"@type\":\"ReadAction\",\"target\":[\"https:\/\/bookspot.io\/sv\/bokningssystem-online\/\"]}]},{\"@type\":\"BreadcrumbList\",\"@id\":\"https:\/\/bookspot.io\/sv\/bokningssystem-online\/#breadcrumb\",\"itemListElement\":[{\"@type\":\"ListItem\",\"position\":1,\"name\":\"Home\",\"item\":\"https:\/\/bookspot.io\/sv\/\"},{\"@type\":\"ListItem\",\"position\":2,\"name\":\"Bokningssystem online\"}]},{\"@type\":\"WebSite\",\"@id\":\"\/#website\",\"url\":\"\/\",\"name\":\"BookSpot\",\"description\":\"Bokningssystem f\u00f6r aktiviteter\",\"publisher\":{\"@id\":\"\/#organization\"},\"potentialAction\":[{\"@type\":\"SearchAction\",\"target\":{\"@type\":\"EntryPoint\",\"urlTemplate\":\"\/?s={search_term_string}\"},\"query-input\":{\"@type\":\"PropertyValueSpecification\",\"valueRequired\":true,\"valueName\":\"search_term_string\"}}],\"inLanguage\":\"sv-SE\"},{\"@type\":\"Organization\",\"@id\":\"\/#organization\",\"name\":\"BookSpot\",\"url\":\"\/\",\"logo\":{\"@type\":\"ImageObject\",\"inLanguage\":\"sv-SE\",\"@id\":\"\/#\/schema\/logo\/image\/\",\"url\":\"https:\/\/bookspot.io\/wp-content\/uploads\/2024\/07\/Symbol_flow.svg\",\"contentUrl\":\"https:\/\/bookspot.io\/wp-content\/uploads\/2024\/07\/Symbol_flow.svg\",\"width\":1,\"height\":1,\"caption\":\"BookSpot\"},\"image\":{\"@id\":\"\/#\/schema\/logo\/image\/\"},\"sameAs\":[\"https:\/\/www.facebook.com\/bookspot.booking.system\"]}]}<\/script>\n<!-- \/ Yoast SEO plugin. -->","yoast_head_json":{"title":"Bokningssystem online - Bookspot","description":"BookSpot \u00e4r ett digitalt bokningssystem som g\u00f6r det enkelt och effektivt att h\u00e5lla koll p\u00e5 och hantera din verksamhets bokningar online.","robots":{"index":"index","follow":"follow","max-snippet":"max-snippet:-1","max-image-preview":"max-image-preview:large","max-video-preview":"max-video-preview:-1"},"canonical":"https:\/\/bookspot.io\/sv\/bokningssystem-online\/","og_locale":"sv_SE","og_type":"article","og_title":"Bokningssystem online - Bookspot","og_description":"BookSpot \u00e4r ett digitalt bokningssystem som g\u00f6r det enkelt och effektivt att h\u00e5lla koll p\u00e5 och hantera din verksamhets bokningar online.","og_url":"https:\/\/bookspot.io\/sv\/bokningssystem-online\/","og_site_name":"Bookspot","article_publisher":"https:\/\/www.facebook.com\/bookspot.booking.system","article_modified_time":"2023-07-21T10:07:56+00:00","og_image":[{"width":1671,"height":1671,"url":"https:\/\/bookspot.io\/wp-content\/uploads\/2024\/07\/Avatar_flow-on-transparent.png","type":"image\/png"}],"twitter_card":"summary_large_image","schema":{"@context":"https:\/\/schema.org","@graph":[{"@type":"WebPage","@id":"https:\/\/bookspot.io\/sv\/bokningssystem-online\/","url":"https:\/\/bookspot.io\/sv\/bokningssystem-online\/","name":"Bokningssystem online - Bookspot","isPartOf":{"@id":"\/#website"},"datePublished":"2022-09-26T10:59:20+00:00","dateModified":"2023-07-21T10:07:56+00:00","description":"BookSpot \u00e4r ett digitalt bokningssystem som g\u00f6r det enkelt och effektivt att h\u00e5lla koll p\u00e5 och hantera din verksamhets bokningar online.","breadcrumb":{"@id":"https:\/\/bookspot.io\/sv\/bokningssystem-online\/#breadcrumb"},"inLanguage":"sv-SE","potentialAction":[{"@type":"ReadAction","target":["https:\/\/bookspot.io\/sv\/bokningssystem-online\/"]}]},{"@type":"BreadcrumbList","@id":"https:\/\/bookspot.io\/sv\/bokningssystem-online\/#breadcrumb","itemListElement":[{"@type":"ListItem","position":1,"name":"Home","item":"https:\/\/bookspot.io\/sv\/"},{"@type":"ListItem","position":2,"name":"Bokningssystem online"}]},{"@type":"WebSite","@id":"\/#website","url":"\/","name":"BookSpot","description":"Bokningssystem f\u00f6r aktiviteter","publisher":{"@id":"\/#organization"},"potentialAction":[{"@type":"SearchAction","target":{"@type":"EntryPoint","urlTemplate":"\/?s={search_term_string}"},"query-input":{"@type":"PropertyValueSpecification","valueRequired":true,"valueName":"search_term_string"}}],"inLanguage":"sv-SE"},{"@type":"Organization","@id":"\/#organization","name":"BookSpot","url":"\/","logo":{"@type":"ImageObject","inLanguage":"sv-SE","@id":"\/#\/schema\/logo\/image\/","url":"https:\/\/bookspot.io\/wp-content\/uploads\/2024\/07\/Symbol_flow.svg","contentUrl":"https:\/\/bookspot.io\/wp-content\/uploads\/2024\/07\/Symbol_flow.svg","width":1,"height":1,"caption":"BookSpot"},"image":{"@id":"\/#\/schema\/logo\/image\/"},"sameAs":["https:\/\/www.facebook.com\/bookspot.booking.system"]}]}},"_links":{"self":[{"href":"https:\/\/bookspot.io\/sv\/wp-json\/wp\/v2\/pages\/300","targetHints":{"allow":["GET"]}}],"collection":[{"href":"https:\/\/bookspot.io\/sv\/wp-json\/wp\/v2\/pages"}],"about":[{"href":"https:\/\/bookspot.io\/sv\/wp-json\/wp\/v2\/types\/page"}],"author":[{"embeddable":true,"href":"https:\/\/bookspot.io\/sv\/wp-json\/wp\/v2\/users\/2"}],"replies":[{"embeddable":true,"href":"https:\/\/bookspot.io\/sv\/wp-json\/wp\/v2\/comments?post=300"}],"version-history":[{"count":16,"href":"https:\/\/bookspot.io\/sv\/wp-json\/wp\/v2\/pages\/300\/revisions"}],"predecessor-version":[{"id":1422,"href":"https:\/\/bookspot.io\/sv\/wp-json\/wp\/v2\/pages\/300\/revisions\/1422"}],"wp:attachment":[{"href":"https:\/\/bookspot.io\/sv\/wp-json\/wp\/v2\/media?parent=300"}],"curies":[{"name":"wp","href":"https:\/\/api.w.org\/{rel}","templated":true}]}}