{"id":16,"date":"2022-09-15T11:48:15","date_gmt":"2022-09-15T11:48:15","guid":{"rendered":"https:\/\/dev.wp.bookspot.io\/?page_id=16"},"modified":"2022-10-03T07:42:10","modified_gmt":"2022-10-03T07:42:10","slug":"boka-demo","status":"publish","type":"page","link":"https:\/\/bookspot.io\/sv\/boka-demo\/","title":{"rendered":"Boka demo"},"content":{"rendered":"\n<div style=\"height:150px\" aria-hidden=\"true\" class=\"wp-block-spacer\"><\/div>\n\n\n<section class=\"wp-block-form\">\n    <div class=\"bs-container bullet-check\">\n        <div class=\"flex flex-col lg:flex-row justify-between\">\n                            <div class=\"w-full lg:w-[50%] mb-10 lg:mb-0 lg:pr-[90px]\">\n                    <h1>Ta din verksamhet till n\u00e4sta niv\u00e5<\/h1>\n<p>L\u00e5t oss visa hur du kan f\u00f6renkla din verksamhet, \u00f6ka int\u00e4kterna, och samtidigt frig\u00f6ra tid till det du \u00e4r b\u00e4st p\u00e5. Boka en kostnadsfri demo s\u00e5 visar vi hur det g\u00e5r till.<\/p>\n<ul>\n<li><strong>Luta dig tillbaka och l\u00e5t BookSpot g\u00f6ra jobbet<br \/>\n<\/strong>Med BookSpot tar du emot bokningar dygnet runt, \u00e5ret runt. Du har full kontroll \u00f6ver din verksamhet, idag och kommande dagar.<\/li>\n<li><strong>Enkelt och anv\u00e4ndarv\u00e4nligt<\/strong><br \/>\nAnv\u00e4ndarv\u00e4nlighet \u00e4r det viktigaste av allt. Enkla bokningar betyder m\u00e5nga kunder. BookSpot erbjuder ett enkelt och intuitivt bokningsfl\u00f6de f\u00f6r kund och administrat\u00f6r.<\/li>\n<li><strong>Personlig support<\/strong><br \/>\nVi tror p\u00e5 det personliga m\u00f6tet d\u00e4r varje kund k\u00e4nner sig sedd. Oavsett teknisk kompetens hj\u00e4lper vi dig utifr\u00e5n dina f\u00f6ruts\u00e4ttningar och behov.<\/li>\n<\/ul>\n\n                <\/div>\n\n                <div class=\"w-full lg:w-[50%] p-10 rounded-[20px] shadow-[0_0_65px_rgba(0,0,0,0.1)] shadow-[0_0_65px_rgba(0,0,0,0.1)]\">\n                                                    <h3 class=\"text-bs-night\">\n                                Boka gratis demo\n                            <\/h3>\n                        \n                        \n<div class=\"wpcf7 no-js\" id=\"wpcf7-f80-o1\" lang=\"sv-SE\" dir=\"ltr\" data-wpcf7-id=\"80\">\n<div class=\"screen-reader-response\"><p role=\"status\" aria-live=\"polite\" aria-atomic=\"true\"><\/p> <ul><\/ul><\/div>\n<form action=\"\/sv\/wp-json\/wp\/v2\/pages\/16#wpcf7-f80-o1\" method=\"post\" class=\"wpcf7-form init\" aria-label=\"Kontaktformul\u00e4r\" novalidate=\"novalidate\" data-status=\"init\">\n<fieldset class=\"hidden-fields-container\"><input type=\"hidden\" name=\"_wpcf7\" value=\"80\" \/><input type=\"hidden\" name=\"_wpcf7_version\" value=\"6.1.5\" \/><input type=\"hidden\" name=\"_wpcf7_locale\" value=\"sv_SE\" \/><input type=\"hidden\" name=\"_wpcf7_unit_tag\" value=\"wpcf7-f80-o1\" \/><input type=\"hidden\" name=\"_wpcf7_container_post\" value=\"0\" \/><input type=\"hidden\" name=\"_wpcf7_posted_data_hash\" value=\"\" \/>\n<\/fieldset>\n<div class=\"flex flex-col\">\n\t<div class=\"flex flex-col lg:flex-row\">\n\t\t<div class=\"w-[100%] lg:w-[50%] mb-6 lg:mb-0 lg:mr-3\">\n\t\t\t<p><label>F\u00f6rnamn<\/label><br \/>\n<span class=\"wpcf7-form-control-wrap\" data-name=\"first-name\"><input size=\"40\" maxlength=\"400\" class=\"wpcf7-form-control wpcf7-text wpcf7-validates-as-required\" aria-required=\"true\" aria-invalid=\"false\" value=\"\" type=\"text\" name=\"first-name\" \/><\/span>\n\t\t\t<\/p>\n\t\t<\/div>\n\t\t<div class=\"w-[100%] lg:w-[50%]\">\n\t\t\t<p><label>Efternamn<\/label><br \/>\n<span class=\"wpcf7-form-control-wrap\" data-name=\"last-name\"><input size=\"40\" maxlength=\"400\" class=\"wpcf7-form-control wpcf7-text wpcf7-validates-as-required\" aria-required=\"true\" aria-invalid=\"false\" value=\"\" type=\"text\" name=\"last-name\" \/><\/span>\n\t\t\t<\/p>\n\t\t<\/div>\n\t\t<p><span id=\"wpcf7-69dede8a93811-wrapper\" class=\"wpcf7-form-control-wrap honeypot-22-wrap\" ><input id=\"wpcf7-69dede8a93811-field\"  placeholder=\"Enter your fullname\"  class=\"wpcf7-form-control wpcf7-text\" type=\"text\" name=\"honeypot-22\" value=\"\" size=\"40\" tabindex=\"-1\" autocomplete=\"new-password\" \/><\/span>\n\t\t<\/p>\n\t<\/div>\n\t<div class=\"flex flex-col lg:flex-row\">\n\t\t<div class=\"w-[100%] lg:w-[50%] mb-6 lg:mb-0 lg:mr-3\">\n\t\t\t<p><label>E-postadress<\/label><br \/>\n<span class=\"wpcf7-form-control-wrap\" data-name=\"your-email\"><input size=\"40\" maxlength=\"400\" class=\"wpcf7-form-control wpcf7-email wpcf7-validates-as-required wpcf7-text wpcf7-validates-as-email\" aria-required=\"true\" aria-invalid=\"false\" value=\"\" type=\"email\" name=\"your-email\" \/><\/span>\n\t\t\t<\/p>\n\t\t<\/div>\n\t\t<div class=\"w-[100%] lg:w-[50%]\">\n\t\t\t<p><label>Telefon<\/label><br \/>\n<span class=\"wpcf7-form-control-wrap\" data-name=\"phonetext-278\"><input size=\"40\" class=\"wpcf7-form-control wpcf7-phonetext wpcf7-validates-as-required wpcf7-text wpcf7-validates-as-phonetext\" aria-required=\"true\" aria-invalid=\"false\" value=\"\" type=\"text\" name=\"phonetext-278\" \/><input type=\"hidden\" name=\"phonetext-278-country-code\" class=\"wpcf7-phonetext-country-code\" \/><\/span>\n\t\t\t<\/p>\n\t\t<\/div>\n\t<\/div>\n\t<div class=\"flex flex-col lg:flex-row\">\n\t\t<div class=\"w-[100%] lg:w-[50%] mb-6 lg:mb-0 lg:mr-3\">\n\t\t\t<p><label>F\u00f6retagsnamn<\/label><br \/>\n<span class=\"wpcf7-form-control-wrap\" data-name=\"company-name\"><input size=\"40\" maxlength=\"400\" class=\"wpcf7-form-control wpcf7-text wpcf7-validates-as-required\" aria-required=\"true\" aria-invalid=\"false\" value=\"\" type=\"text\" name=\"company-name\" \/><\/span>\n\t\t\t<\/p>\n\t\t<\/div>\n\t\t<div class=\"w-[100%] lg:w-[50%]\">\n\t\t\t<p><label>Oms\u00e4ttning<\/label><br \/>\n<span class=\"wpcf7-form-control-wrap\" data-name=\"company-revenue\"><select class=\"wpcf7-form-control wpcf7-select\" aria-invalid=\"false\" name=\"company-revenue\"><option value=\"&lt; 300 000 kr\">&lt; 300 000 kr<\/option><option value=\"300 000 - 1 000 000 kr\">300 000 &#8211; 1 000 000 kr<\/option><option value=\"1 000 000 - 5 000 000 kr\">1 000 000 &#8211; 5 000 000 kr<\/option><option value=\"5 000 000 - 10 000 000 kr\">5 000 000 &#8211; 10 000 000 kr<\/option><option value=\"10 000 000 - 20 000 000 kr\">10 000 000 &#8211; 20 000 000 kr<\/option><option value=\"20 000 000 - 50 000 000 kr\">20 000 000 &#8211; 50 000 000 kr<\/option><option value=\"50 000 000 - 100 000 000 kr\">50 000 000 &#8211; 100 000 000 kr<\/option><option value=\"&gt;100 000 000 kr\">&gt;100 000 000 kr<\/option><\/select><\/span>\n\t\t\t<\/p>\n\t\t<\/div>\n\t<\/div>\n\t<div class=\"flex flex-col lg:flex-row mt-6 mb-6 bs_form_checkbox\">\n\t\t<p><span class=\"wpcf7-form-control-wrap\" data-name=\"your-consent\"><span class=\"wpcf7-form-control wpcf7-acceptance\"><span class=\"wpcf7-list-item\"><label><input type=\"checkbox\" name=\"your-consent\" value=\"1\" aria-invalid=\"false\" \/><span class=\"wpcf7-list-item-label\">Jag godk\u00e4nner <a href=\"\/privacy-policy\">integritetsvillkoren.<\/a><\/span><\/label><\/span><\/span><\/span>\n\t\t<\/p>\n\t<\/div>\n\t<p><input class=\"wpcf7-form-control wpcf7-submit has-spinner\" type=\"submit\" value=\"Skicka f\u00f6rfr\u00e5gan\" \/>\n\t<\/p>\n<\/div><div class=\"wpcf7-response-output\" aria-hidden=\"true\"><\/div>\n<\/form>\n<\/div>\n                    <\/div>\n                <\/div>\n                    <\/div>\n    <\/div>\n<\/section>\n","protected":false},"excerpt":{"rendered":"","protected":false},"author":2,"featured_media":0,"parent":0,"menu_order":0,"comment_status":"closed","ping_status":"closed","template":"","meta":{"_acf_changed":false,"footnotes":""},"class_list":["post-16","page","type-page","status-publish","hentry"],"acf":[],"yoast_head":"<!-- This site is optimized with the Yoast SEO plugin v27.0 - https:\/\/yoast.com\/product\/yoast-seo-wordpress\/ -->\n<title>Boka demo - Bookspot<\/title>\n<meta name=\"robots\" content=\"index, follow, max-snippet:-1, max-image-preview:large, max-video-preview:-1\" \/>\n<link rel=\"canonical\" href=\"https:\/\/bookspot.io\/sv\/boka-demo\/\" \/>\n<meta property=\"og:locale\" content=\"sv_SE\" \/>\n<meta property=\"og:type\" content=\"article\" \/>\n<meta property=\"og:title\" content=\"Boka demo - Bookspot\" \/>\n<meta property=\"og:url\" content=\"https:\/\/bookspot.io\/sv\/boka-demo\/\" \/>\n<meta property=\"og:site_name\" content=\"Bookspot\" \/>\n<meta property=\"article:publisher\" content=\"https:\/\/www.facebook.com\/bookspot.booking.system\" \/>\n<meta property=\"article:modified_time\" content=\"2022-10-03T07:42:10+00:00\" \/>\n<meta property=\"og:image\" content=\"https:\/\/bookspot.io\/wp-content\/uploads\/2024\/07\/Avatar_flow-on-transparent.png\" \/>\n\t<meta property=\"og:image:width\" content=\"1671\" \/>\n\t<meta property=\"og:image:height\" content=\"1671\" \/>\n\t<meta property=\"og:image:type\" content=\"image\/png\" \/>\n<meta name=\"twitter:card\" content=\"summary_large_image\" \/>\n<script type=\"application\/ld+json\" class=\"yoast-schema-graph\">{\"@context\":\"https:\/\/schema.org\",\"@graph\":[{\"@type\":\"WebPage\",\"@id\":\"https:\/\/bookspot.io\/sv\/boka-demo\/\",\"url\":\"https:\/\/bookspot.io\/sv\/boka-demo\/\",\"name\":\"Boka demo - Bookspot\",\"isPartOf\":{\"@id\":\"\/#website\"},\"datePublished\":\"2022-09-15T11:48:15+00:00\",\"dateModified\":\"2022-10-03T07:42:10+00:00\",\"breadcrumb\":{\"@id\":\"https:\/\/bookspot.io\/sv\/boka-demo\/#breadcrumb\"},\"inLanguage\":\"sv-SE\",\"potentialAction\":[{\"@type\":\"ReadAction\",\"target\":[\"https:\/\/bookspot.io\/sv\/boka-demo\/\"]}]},{\"@type\":\"BreadcrumbList\",\"@id\":\"https:\/\/bookspot.io\/sv\/boka-demo\/#breadcrumb\",\"itemListElement\":[{\"@type\":\"ListItem\",\"position\":1,\"name\":\"Home\",\"item\":\"https:\/\/bookspot.io\/sv\/\"},{\"@type\":\"ListItem\",\"position\":2,\"name\":\"Boka demo\"}]},{\"@type\":\"WebSite\",\"@id\":\"\/#website\",\"url\":\"\/\",\"name\":\"BookSpot\",\"description\":\"Bokningssystem f\u00f6r aktiviteter\",\"publisher\":{\"@id\":\"\/#organization\"},\"potentialAction\":[{\"@type\":\"SearchAction\",\"target\":{\"@type\":\"EntryPoint\",\"urlTemplate\":\"\/?s={search_term_string}\"},\"query-input\":{\"@type\":\"PropertyValueSpecification\",\"valueRequired\":true,\"valueName\":\"search_term_string\"}}],\"inLanguage\":\"sv-SE\"},{\"@type\":\"Organization\",\"@id\":\"\/#organization\",\"name\":\"BookSpot\",\"url\":\"\/\",\"logo\":{\"@type\":\"ImageObject\",\"inLanguage\":\"sv-SE\",\"@id\":\"\/#\/schema\/logo\/image\/\",\"url\":\"https:\/\/bookspot.io\/wp-content\/uploads\/2024\/07\/Symbol_flow.svg\",\"contentUrl\":\"https:\/\/bookspot.io\/wp-content\/uploads\/2024\/07\/Symbol_flow.svg\",\"width\":1,\"height\":1,\"caption\":\"BookSpot\"},\"image\":{\"@id\":\"\/#\/schema\/logo\/image\/\"},\"sameAs\":[\"https:\/\/www.facebook.com\/bookspot.booking.system\"]}]}<\/script>\n<!-- \/ Yoast SEO plugin. -->","yoast_head_json":{"title":"Boka demo - Bookspot","robots":{"index":"index","follow":"follow","max-snippet":"max-snippet:-1","max-image-preview":"max-image-preview:large","max-video-preview":"max-video-preview:-1"},"canonical":"https:\/\/bookspot.io\/sv\/boka-demo\/","og_locale":"sv_SE","og_type":"article","og_title":"Boka demo - Bookspot","og_url":"https:\/\/bookspot.io\/sv\/boka-demo\/","og_site_name":"Bookspot","article_publisher":"https:\/\/www.facebook.com\/bookspot.booking.system","article_modified_time":"2022-10-03T07:42:10+00:00","og_image":[{"width":1671,"height":1671,"url":"https:\/\/bookspot.io\/wp-content\/uploads\/2024\/07\/Avatar_flow-on-transparent.png","type":"image\/png"}],"twitter_card":"summary_large_image","schema":{"@context":"https:\/\/schema.org","@graph":[{"@type":"WebPage","@id":"https:\/\/bookspot.io\/sv\/boka-demo\/","url":"https:\/\/bookspot.io\/sv\/boka-demo\/","name":"Boka demo - Bookspot","isPartOf":{"@id":"\/#website"},"datePublished":"2022-09-15T11:48:15+00:00","dateModified":"2022-10-03T07:42:10+00:00","breadcrumb":{"@id":"https:\/\/bookspot.io\/sv\/boka-demo\/#breadcrumb"},"inLanguage":"sv-SE","potentialAction":[{"@type":"ReadAction","target":["https:\/\/bookspot.io\/sv\/boka-demo\/"]}]},{"@type":"BreadcrumbList","@id":"https:\/\/bookspot.io\/sv\/boka-demo\/#breadcrumb","itemListElement":[{"@type":"ListItem","position":1,"name":"Home","item":"https:\/\/bookspot.io\/sv\/"},{"@type":"ListItem","position":2,"name":"Boka demo"}]},{"@type":"WebSite","@id":"\/#website","url":"\/","name":"BookSpot","description":"Bokningssystem f\u00f6r aktiviteter","publisher":{"@id":"\/#organization"},"potentialAction":[{"@type":"SearchAction","target":{"@type":"EntryPoint","urlTemplate":"\/?s={search_term_string}"},"query-input":{"@type":"PropertyValueSpecification","valueRequired":true,"valueName":"search_term_string"}}],"inLanguage":"sv-SE"},{"@type":"Organization","@id":"\/#organization","name":"BookSpot","url":"\/","logo":{"@type":"ImageObject","inLanguage":"sv-SE","@id":"\/#\/schema\/logo\/image\/","url":"https:\/\/bookspot.io\/wp-content\/uploads\/2024\/07\/Symbol_flow.svg","contentUrl":"https:\/\/bookspot.io\/wp-content\/uploads\/2024\/07\/Symbol_flow.svg","width":1,"height":1,"caption":"BookSpot"},"image":{"@id":"\/#\/schema\/logo\/image\/"},"sameAs":["https:\/\/www.facebook.com\/bookspot.booking.system"]}]}},"_links":{"self":[{"href":"https:\/\/bookspot.io\/sv\/wp-json\/wp\/v2\/pages\/16","targetHints":{"allow":["GET"]}}],"collection":[{"href":"https:\/\/bookspot.io\/sv\/wp-json\/wp\/v2\/pages"}],"about":[{"href":"https:\/\/bookspot.io\/sv\/wp-json\/wp\/v2\/types\/page"}],"author":[{"embeddable":true,"href":"https:\/\/bookspot.io\/sv\/wp-json\/wp\/v2\/users\/2"}],"replies":[{"embeddable":true,"href":"https:\/\/bookspot.io\/sv\/wp-json\/wp\/v2\/comments?post=16"}],"version-history":[{"count":4,"href":"https:\/\/bookspot.io\/sv\/wp-json\/wp\/v2\/pages\/16\/revisions"}],"predecessor-version":[{"id":2503,"href":"https:\/\/bookspot.io\/sv\/wp-json\/wp\/v2\/pages\/16\/revisions\/2503"}],"wp:attachment":[{"href":"https:\/\/bookspot.io\/sv\/wp-json\/wp\/v2\/media?parent=16"}],"curies":[{"name":"wp","href":"https:\/\/api.w.org\/{rel}","templated":true}]}}