{"id":1311,"date":"2023-07-21T09:09:27","date_gmt":"2023-07-21T07:09:27","guid":{"rendered":"https:\/\/bookspot.io\/?page_id=1311"},"modified":"2023-07-21T11:53:59","modified_gmt":"2023-07-21T09:53:59","slug":"enkelt-bokningssystem","status":"publish","type":"page","link":"https:\/\/bookspot.io\/sv\/enkelt-bokningssystem\/","title":{"rendered":"Enkelt bokningssystem"},"content":{"rendered":"<section\n    class=\"\n        wp-block-hero\n        h-screen\n        justify-center\n        pt-20 lg:pt-0\n        !mb-0 \n        min-h-[450px]\n        lg:min-h-[650px]\n        relative\n        scrollFade\n        flex\n        items-center\n        bg-white\n        bg-no-repeat\n        bg-cover\n        bg-center\n        overflow-hidden\n    \"\n    \n>\n    <div class=\"\n        relative\n        bs-container\n        flex\n        flex-col\n        lg:flex-row\n        px-4\n        py-8\n        md:px-10\n        lg:py-16\n        z-10\n    \">\n                    <div class=\"absolute -top-[20px] lg:top-[30px] -left-[180px] lg:-left-[70px]\">\n                <div class=\"bg-gradient-to-r bs-gradient-linear-flow rounded-full rounded-br-none w-[80px] h-[70px]\"><\/div>\n    <div class=\"bg-gradient-to-r bs-gradient-linear-flow rounded-full rounded-tl-none w-[130px] h-[70px] ml-[80px]\"><\/div>\n\n\n\n            <\/div>\n\n            <div class=\"absolute bottom-[100px] lg:bottom-auto lg:top-[150px] -right-[220px] lg:right-0\">\n                <div class=\"bg-gradient-to-r bs-gradient-linear-flow rounded-full rounded-bl-none w-[140px] h-[70px] ml-[80px]\"><\/div>\n    <div class=\"bg-gradient-to-r bs-gradient-linear-flow rounded-full rounded-tr-none w-[80px] h-[70px]\"><\/div>\n            <\/div>\n        \n        <div class=\"\n            items-center\n            w-[100%]\n            flex\n            flex-col\n            place-self-center\n            lg:col-span-1\n            lg:mr-10\n            z-10\n        \">\n                                                <h1 class=\"text-center\">\n                        Ett enkelt bokningssystem\n                    <\/h1>\n                            \n                            <p\n                    class=\"\n                        text-center\n                        mb-6\n                        lg:mb-4\n                        md:text-lg\n                        lg:text-xl\n                        text-black\n                        z-10\n                        max-w-[560px]\n                    \">\n                    BookSpot \u00e4r ett enkelt bokningssystem f\u00f6r uthyrning, aktiviteter, kurser och boende som \u00e4r l\u00e4tt att komma ig\u00e5ng med och anv\u00e4nda. \n                <\/p>\n            \n            \n            <div class=\"flex flex-col md:flex-row\">\n                \n                \n                            <\/div>\n        <\/div>\n\n            <\/div>\n<\/section>\n\n\n\n<section class=\"wp-block-paragraph\">\n    <div class=\"bs-container\">\n        <div class=\"max-w-3xl mx-auto\">\n                            <p>BookSpot \u00e4r ett kraftfullt och enkelt bokningssystem som passar dig som driver verksamhet inom uthyrning, aktiviteter, kurser eller logi. Bokningssystemet \u00e4r helt onlinebaserat s\u00e5 att du kan komma \u00e5t det via datorn, mobilen eller surfplattan. BookSpot kan enkelt integreras p\u00e5 din hemsida, s\u00e5 att kunden kan genomf\u00f6ra sin bokning och betala den utan att l\u00e4mna sidan.<\/p>\n<p>Allt b\u00f6rjade med att vi sj\u00e4lva inte <span style=\"color: #7461ff;\"><span style=\"color: #000000;\">hittade ett bokningssystem <\/span><\/span>f\u00f6r v\u00e5r egna verksamhet, som \u00e4r <span style=\"color: #7461ff;\"><a style=\"color: #7461ff;\" href=\"https:\/\/langholmenkajak.se\/\" target=\"_blank\" rel=\"noopener\"><span style=\"color: #7461ff;\">Sveriges st\u00f6rsta uthyrning av kajaker och Stand-Up Paddleboards<\/span>.<\/a> <span style=\"color: #000000;\">Vi upplevde att inget befintligt bokningssystem p\u00e5 marknaden uppfyllde v\u00e5ra behov samtidigt som det beh\u00f6vde vara anv\u00e4ndarv\u00e4nligt och enkelt att anv\u00e4nda.<\/span> <\/span>D\u00e4rf\u00f6r byggde vi BookSpot, d\u00e4r fokus alltid har varit att skapa ett bokningssystem som g\u00f6r bokningsprocessen s\u00e5 smidig som m\u00f6jligt f\u00f6r dig som hanterar bokningarna och f\u00f6r dina kunder.<\/p>\n<p>Vi tycker att man som administrat\u00f6r av systemet med gott samvete ska kunna l\u00e4mna \u00f6ver en s\u00e5 stor del av bokningsprocessen som m\u00f6jligt till kunden f\u00f6r att spara tid till att utveckla sin verksamhet och ta hand om kunderna p\u00e5 plats.<\/p>\n<p>&nbsp;<\/p>\n<p>H\u00e4r \u00e4r n\u00e5gra exempel p\u00e5 f\u00f6rdelarna med BookSpot:<\/p>\n<ul>\n<li>Enkel bokningsprocess f\u00f6r b\u00e5de kund och administrat\u00f6r<\/li>\n<li>Onlinebetalning med Swish och kort<\/li>\n<li>M\u00f6jlighet f\u00f6r kunden att sj\u00e4lv g\u00f6ra \u00e4ndringar i sin bokning<\/li>\n<li>Smarta till\u00e4ggsfunktioner som \u00f6kar dina int\u00e4kter<\/li>\n<li>Tydliga kalendervyer som ger dig bra \u00f6versikt \u00f6ver bokningsl\u00e4get<\/li>\n<li>Tydliga och detaljerade rapporter f\u00f6r bokf\u00f6ring<\/li>\n<li>Inbyggt feedbacksystem som g\u00f6r att kunder kan l\u00e4mna interna recensioner till dig<\/li>\n<\/ul>\n<p>&nbsp;<\/p>\n<p><strong>BookSpot \u00e4r rekommenderat av Svenska kanotf\u00f6rbundet f\u00f6r alla kanotcentraler i Sverige.<\/strong><\/p>\n<p>\u00c4ven om systemet \u00e4r utvecklat f\u00f6r flera typer av verksamheter s\u00e5 ser vi detta som en bra kvalitetsst\u00e4mpel. \u00c4ven om bokningssystemet fr\u00e5n b\u00f6rjan skapades f\u00f6r v\u00e5r kajakuthyrning s\u00e5 har vi idag en \u00f6ver 250 kunder i Sverige inom en stor variation av verksamheter, till exempel:<\/p>\n<ul>\n<li><span style=\"color: #7461ff;\"><a style=\"color: #7461ff;\" href=\"https:\/\/bookspot.io\/se\/bokningssystem-uthyrning\/\" target=\"_blank\" rel=\"noopener\">Cykeluthyrning<\/a><\/span><\/li>\n<li><span style=\"color: #7461ff;\">Skoteruthyrning<\/span><\/li>\n<li><span style=\"color: #7461ff;\"><a style=\"color: #7461ff;\" href=\"https:\/\/bookspot.io\/se\/bokningssystem-for-camping\/\" target=\"_blank\" rel=\"noopener\">Vandrarhem och campingar<\/a><\/span><\/li>\n<li><span style=\"color: #7461ff;\"><a style=\"color: #7461ff;\" href=\"https:\/\/bookspot.io\/se\/bokningssystem-aktiviteter\/\" target=\"_blank\" rel=\"noopener\">Bastubokning<\/a><\/span><\/li>\n<li><span style=\"color: #7461ff;\"><a style=\"color: #7461ff;\" href=\"https:\/\/bookspot.io\/se\/bokningssystem-aktiviteter\/\" target=\"_blank\" rel=\"noopener\">Kurser, turer och event<\/a><\/span><\/li>\n<li><span style=\"color: #7461ff;\">Gocartbanor<\/span><\/li>\n<li><span style=\"color: #7461ff;\"><a style=\"color: #7461ff;\" href=\"https:\/\/bookspot.io\/se\/bokningssystem-hundspann\/\" target=\"_blank\" rel=\"noopener\">Hundspannsturer<\/a><\/span><\/li>\n<li><span style=\"color: #7461ff;\"><a style=\"color: #7461ff;\" href=\"https:\/\/bookspot.io\/se\/bokningssystem-turridning\/\" target=\"_blank\" rel=\"noopener\">Turridning<\/a><\/span><\/li>\n<li><span style=\"color: #7461ff;\"><a style=\"color: #7461ff;\" href=\"https:\/\/bookspot.io\/se\/bokningssystem-aktiviteter\/\" target=\"_blank\" rel=\"noopener\">Vandringar<\/a><\/span><\/li>\n<li><span style=\"color: #7461ff;\"><a style=\"color: #7461ff;\" href=\"https:\/\/bookspot.io\/se\/bokningssystem-hoghojdsbana\/\" target=\"_blank\" rel=\"noopener\">H\u00f6gh\u00f6jdsbanor<\/a><\/span><\/li>\n<li>+ m\u00e5nga andra typer av verksamheter<\/li>\n<\/ul>\n<p>&nbsp;<\/p>\n<p>Med BookSpot f\u00e5r du total kontroll \u00f6ver dina bokningar och inventarier och du kan vara s\u00e4ker p\u00e5 att dina uthyrningsenheter anv\u00e4nds p\u00e5 ett s\u00e5 effektivt s\u00e4tt som m\u00f6jligt.<\/p>\n<p>&nbsp;<\/p>\n<p>Vill du veta mer om hur BookSpot kan f\u00f6renkla din vardag? <span style=\"color: #7461ff;\"><a style=\"color: #7461ff;\" href=\"https:\/\/bookspot.io\/se\/boka-demo\/\" target=\"_blank\" rel=\"noopener\">Boka en demo idag!<\/a><\/span><\/p>\n\n                    <\/div>\n    <\/div>\n<\/section>\n","protected":false},"excerpt":{"rendered":"","protected":false},"author":3,"featured_media":0,"parent":0,"menu_order":0,"comment_status":"closed","ping_status":"closed","template":"","meta":{"_acf_changed":false,"footnotes":""},"class_list":["post-1311","page","type-page","status-publish","hentry"],"acf":[],"yoast_head":"<!-- This site is optimized with the Yoast SEO plugin v27.0 - https:\/\/yoast.com\/product\/yoast-seo-wordpress\/ -->\n<title>Enkelt bokningssystem - Bookspot<\/title>\n<meta name=\"robots\" content=\"index, follow, max-snippet:-1, max-image-preview:large, max-video-preview:-1\" \/>\n<link rel=\"canonical\" href=\"https:\/\/bookspot.io\/sv\/enkelt-bokningssystem\/\" \/>\n<meta property=\"og:locale\" content=\"sv_SE\" \/>\n<meta property=\"og:type\" content=\"article\" \/>\n<meta property=\"og:title\" content=\"Enkelt bokningssystem - Bookspot\" \/>\n<meta property=\"og:url\" content=\"https:\/\/bookspot.io\/sv\/enkelt-bokningssystem\/\" \/>\n<meta property=\"og:site_name\" content=\"Bookspot\" \/>\n<meta property=\"article:publisher\" content=\"https:\/\/www.facebook.com\/bookspot.booking.system\" \/>\n<meta property=\"article:modified_time\" content=\"2023-07-21T09:53:59+00:00\" \/>\n<meta property=\"og:image\" content=\"https:\/\/bookspot.io\/wp-content\/uploads\/2024\/07\/Avatar_flow-on-transparent.png\" \/>\n\t<meta property=\"og:image:width\" content=\"1671\" \/>\n\t<meta property=\"og:image:height\" content=\"1671\" \/>\n\t<meta property=\"og:image:type\" content=\"image\/png\" \/>\n<meta name=\"twitter:card\" content=\"summary_large_image\" \/>\n<script type=\"application\/ld+json\" class=\"yoast-schema-graph\">{\"@context\":\"https:\/\/schema.org\",\"@graph\":[{\"@type\":\"WebPage\",\"@id\":\"https:\/\/bookspot.io\/sv\/enkelt-bokningssystem\/\",\"url\":\"https:\/\/bookspot.io\/sv\/enkelt-bokningssystem\/\",\"name\":\"Enkelt bokningssystem - Bookspot\",\"isPartOf\":{\"@id\":\"\/#website\"},\"datePublished\":\"2023-07-21T07:09:27+00:00\",\"dateModified\":\"2023-07-21T09:53:59+00:00\",\"breadcrumb\":{\"@id\":\"https:\/\/bookspot.io\/sv\/enkelt-bokningssystem\/#breadcrumb\"},\"inLanguage\":\"sv-SE\",\"potentialAction\":[{\"@type\":\"ReadAction\",\"target\":[\"https:\/\/bookspot.io\/sv\/enkelt-bokningssystem\/\"]}]},{\"@type\":\"BreadcrumbList\",\"@id\":\"https:\/\/bookspot.io\/sv\/enkelt-bokningssystem\/#breadcrumb\",\"itemListElement\":[{\"@type\":\"ListItem\",\"position\":1,\"name\":\"Home\",\"item\":\"https:\/\/bookspot.io\/sv\/\"},{\"@type\":\"ListItem\",\"position\":2,\"name\":\"Enkelt bokningssystem\"}]},{\"@type\":\"WebSite\",\"@id\":\"\/#website\",\"url\":\"\/\",\"name\":\"BookSpot\",\"description\":\"Bokningssystem f\u00f6r aktiviteter\",\"publisher\":{\"@id\":\"\/#organization\"},\"potentialAction\":[{\"@type\":\"SearchAction\",\"target\":{\"@type\":\"EntryPoint\",\"urlTemplate\":\"\/?s={search_term_string}\"},\"query-input\":{\"@type\":\"PropertyValueSpecification\",\"valueRequired\":true,\"valueName\":\"search_term_string\"}}],\"inLanguage\":\"sv-SE\"},{\"@type\":\"Organization\",\"@id\":\"\/#organization\",\"name\":\"BookSpot\",\"url\":\"\/\",\"logo\":{\"@type\":\"ImageObject\",\"inLanguage\":\"sv-SE\",\"@id\":\"\/#\/schema\/logo\/image\/\",\"url\":\"https:\/\/bookspot.io\/wp-content\/uploads\/2024\/07\/Symbol_flow.svg\",\"contentUrl\":\"https:\/\/bookspot.io\/wp-content\/uploads\/2024\/07\/Symbol_flow.svg\",\"width\":1,\"height\":1,\"caption\":\"BookSpot\"},\"image\":{\"@id\":\"\/#\/schema\/logo\/image\/\"},\"sameAs\":[\"https:\/\/www.facebook.com\/bookspot.booking.system\"]}]}<\/script>\n<!-- \/ Yoast SEO plugin. -->","yoast_head_json":{"title":"Enkelt bokningssystem - Bookspot","robots":{"index":"index","follow":"follow","max-snippet":"max-snippet:-1","max-image-preview":"max-image-preview:large","max-video-preview":"max-video-preview:-1"},"canonical":"https:\/\/bookspot.io\/sv\/enkelt-bokningssystem\/","og_locale":"sv_SE","og_type":"article","og_title":"Enkelt bokningssystem - Bookspot","og_url":"https:\/\/bookspot.io\/sv\/enkelt-bokningssystem\/","og_site_name":"Bookspot","article_publisher":"https:\/\/www.facebook.com\/bookspot.booking.system","article_modified_time":"2023-07-21T09:53:59+00:00","og_image":[{"width":1671,"height":1671,"url":"https:\/\/bookspot.io\/wp-content\/uploads\/2024\/07\/Avatar_flow-on-transparent.png","type":"image\/png"}],"twitter_card":"summary_large_image","schema":{"@context":"https:\/\/schema.org","@graph":[{"@type":"WebPage","@id":"https:\/\/bookspot.io\/sv\/enkelt-bokningssystem\/","url":"https:\/\/bookspot.io\/sv\/enkelt-bokningssystem\/","name":"Enkelt bokningssystem - Bookspot","isPartOf":{"@id":"\/#website"},"datePublished":"2023-07-21T07:09:27+00:00","dateModified":"2023-07-21T09:53:59+00:00","breadcrumb":{"@id":"https:\/\/bookspot.io\/sv\/enkelt-bokningssystem\/#breadcrumb"},"inLanguage":"sv-SE","potentialAction":[{"@type":"ReadAction","target":["https:\/\/bookspot.io\/sv\/enkelt-bokningssystem\/"]}]},{"@type":"BreadcrumbList","@id":"https:\/\/bookspot.io\/sv\/enkelt-bokningssystem\/#breadcrumb","itemListElement":[{"@type":"ListItem","position":1,"name":"Home","item":"https:\/\/bookspot.io\/sv\/"},{"@type":"ListItem","position":2,"name":"Enkelt bokningssystem"}]},{"@type":"WebSite","@id":"\/#website","url":"\/","name":"BookSpot","description":"Bokningssystem f\u00f6r aktiviteter","publisher":{"@id":"\/#organization"},"potentialAction":[{"@type":"SearchAction","target":{"@type":"EntryPoint","urlTemplate":"\/?s={search_term_string}"},"query-input":{"@type":"PropertyValueSpecification","valueRequired":true,"valueName":"search_term_string"}}],"inLanguage":"sv-SE"},{"@type":"Organization","@id":"\/#organization","name":"BookSpot","url":"\/","logo":{"@type":"ImageObject","inLanguage":"sv-SE","@id":"\/#\/schema\/logo\/image\/","url":"https:\/\/bookspot.io\/wp-content\/uploads\/2024\/07\/Symbol_flow.svg","contentUrl":"https:\/\/bookspot.io\/wp-content\/uploads\/2024\/07\/Symbol_flow.svg","width":1,"height":1,"caption":"BookSpot"},"image":{"@id":"\/#\/schema\/logo\/image\/"},"sameAs":["https:\/\/www.facebook.com\/bookspot.booking.system"]}]}},"_links":{"self":[{"href":"https:\/\/bookspot.io\/sv\/wp-json\/wp\/v2\/pages\/1311","targetHints":{"allow":["GET"]}}],"collection":[{"href":"https:\/\/bookspot.io\/sv\/wp-json\/wp\/v2\/pages"}],"about":[{"href":"https:\/\/bookspot.io\/sv\/wp-json\/wp\/v2\/types\/page"}],"author":[{"embeddable":true,"href":"https:\/\/bookspot.io\/sv\/wp-json\/wp\/v2\/users\/3"}],"replies":[{"embeddable":true,"href":"https:\/\/bookspot.io\/sv\/wp-json\/wp\/v2\/comments?post=1311"}],"version-history":[{"count":23,"href":"https:\/\/bookspot.io\/sv\/wp-json\/wp\/v2\/pages\/1311\/revisions"}],"predecessor-version":[{"id":1836,"href":"https:\/\/bookspot.io\/sv\/wp-json\/wp\/v2\/pages\/1311\/revisions\/1836"}],"wp:attachment":[{"href":"https:\/\/bookspot.io\/sv\/wp-json\/wp\/v2\/media?parent=1311"}],"curies":[{"name":"wp","href":"https:\/\/api.w.org\/{rel}","templated":true}]}}