{"id":5037,"date":"2022-09-26T10:59:20","date_gmt":"2022-09-26T08:59:20","guid":{"rendered":"https:\/\/dev.wp.bookspot.io\/bookingssystem-online\/"},"modified":"2024-04-24T09:31:14","modified_gmt":"2024-04-24T07:31:14","slug":"bookingsystem-online","status":"publish","type":"page","link":"https:\/\/bookspot.io\/no\/bookingsystem-online\/","title":{"rendered":"Bookingsystem online"},"content":{"rendered":"<section\n    class=\"\n        wp-block-hero\n        h-screen\n        justify-start\n        pt-20 lg:pt-0\n        \n        min-h-[450px]\n        lg:min-h-[650px]\n        relative\n        scrollFade\n        flex\n        items-center\n        bg-white\n        bg-no-repeat\n        bg-cover\n        bg-center\n        overflow-hidden\n    \"\n    \n>\n    <div class=\"\n        relative\n        bs-container\n        flex\n        flex-col\n        lg:flex-row\n        px-4\n        py-8\n        md:px-10\n        lg:py-16\n        z-10\n    \">\n        \n        <div class=\"\n            lg:w-[60%]\n            w-[100%]\n            flex\n            flex-col\n            place-self-center\n            lg:col-span-1\n            lg:mr-10\n            z-10\n        \">\n                                                <h1 class=\"text-left\">\n                        Bookingsystem online\n                    <\/h1>\n                            \n                            <p\n                    class=\"\n                        text-left\n                        mb-6\n                        lg:mb-4\n                        md:text-lg\n                        lg:text-xl\n                        text-black\n                        z-10\n                        max-w-[560px]\n                    \">\n                    BookSpot er et nettbasert bookingsystem som er enkelt og brukervennlig. Med BookSpot f\u00e5r du en klar oversikt over dine bookinger og full kontroll p\u00e5 din virksomhet.\n                <\/p>\n            \n                            <div class=\"\n                    text-left\n                    block\n                    form-email-leads\n                \">\n                                            <a class=\"lead-btn\" href=\"https:\/\/bookspot.io\/no\/book-demo\/\">\n                            Book demo\n                        <\/a>\n                                    <\/div>\n            \n            <div class=\"flex flex-col md:flex-row\">\n                \n                \n                            <\/div>\n        <\/div>\n\n                                    <div class=\"\n                    mt-5\n                    lg:mt-0\n                    lg:grow\n                    lg:px-3\n                    lg:flex\n                    relative\n                \">\n                    \n                    <img decoding=\"async\"\n                        src=\"https:\/\/bookspot.io\/wp-content\/uploads\/2023\/07\/LIda-DSC_4734-1600-550x500.jpg\"\n                        alt=\"LIda-DSC_4734-1600\"\n                        class=\"\n                            w-full\n                            lg:w-auto\n                            object-cover\n                            rounded-[20px]\n                        \"\n                    >\n                <\/div>\n                        <\/div>\n<\/section>\n\n\n\n<section class=\"wp-block-paragraph\">\n    <div class=\"bs-container\">\n        <div class=\"max-w-3xl mx-auto\">\n                            <p>BookSpot er et skybasert bookingsystem, noe som betyr at du kan f\u00e5 tilgang til systemet fra enhver enhet som er koblet til internett (datamaskin, telefon, nettbrett). <span style=\"color: #7461ff;\"><a style=\"color: #7461ff;\" href=\"https:\/\/help.outventures.se\/article\/131-anvand-bookspot-pa-andra-enheter\" target=\"_blank\" rel=\"noopener\">Her kan du lese mer om hvordan du bruker bookingsystemet p\u00e5 ulike enheter.<\/a><\/span> Bookingsystemet implementeres ogs\u00e5 enkelt med en bookingwidget p\u00e5 din n\u00e5v\u00e6rende nettside.<\/p>\n<p>Fordelene med \u00e5 ha et bookingsystem online er at du ikke er bundet til en bestemt enhet for \u00e5 logge inn i systemet, du trenger heller ikke \u00e5 installere noen programvare \u2013 alt er tilgjengelig i skyen.<\/p>\n<p>Bookingsystemet BookSpot kan brukes til mange forskjellige form\u00e5l; for utleievirksomhet, for kurs- og arrangementvirksomhet samt for booking av lokaler som badstue\/relax\/konferanserom.<\/p>\n<p>&nbsp;<\/p>\n<p><strong>Hvilke funksjoner finnes i BookSpot?<\/strong><\/p>\n<p>I BookSpot kan du enkelt sette opp produktene og tjenestene du \u00f8nsker \u00e5 tilby. Velg selv hvor lenge hvert produkt\/tjeneste skal v\u00e6re tilgjengelig for booking, samt n\u00e5r og hvor mange av disse som skal v\u00e6re tilgjengelige. Deretter setter du priser p\u00e5 de respektive produktene, hvor du har muligheten til \u00e5 sette forskjellige priser for forskjellige bookinglengder.<\/p>\n<ul>\n<li>Du kan legge til bilder for hvert produkt\/tjeneste og passende tilleggsprodukter for \u00e5 \u00f8ke mersalget ditt.<\/li>\n<li>For hvert produkt kan du koble til en ordrebekreftelse som kunden mottar n\u00e5r de booker online.<\/li>\n<li>\u00c5pningstider kan enkelt stilles inn, og du kan velge \u00e5 ha forskjellige \u00e5pningstider for ulike produkter\/tjenester hvis du \u00f8nsker det.<\/li>\n<li>Dine kunder kan deretter booke og betale via bookingsystemet p\u00e5 din nettside. Betaling kan gj\u00f8res med kort eller Vipps. Du velger selv om kundene skal kunne velge omboknings- eller avbestillingsgaranti.<\/li>\n<li>Etter fullf\u00f8rt booking mottar kunden en bookingbekreftelse. I bookingbekreftelsen kan kunden deretter selv endre sin tid, noe som gj\u00f8r at du som administrator ikke trenger \u00e5 h\u00e5ndtere ombookingen.<\/li>\n<li>Etter gjennomf\u00f8rt aktivitet kan du velge at systemet sender en foresp\u00f8rsel om hvordan kunden opplevde bes\u00f8ket (NPS), og du vil motta denne interne verdifulle tilbakemeldingen.<\/li>\n<\/ul>\n<p>I tillegg til disse funksjonene, er det ogs\u00e5 mange andre gode og smarte funksjoner for \u00e5 optimalisere antall kunder og minimere administrasjonen som trengs for disse.<\/p>\n<p>&nbsp;<\/p>\n<p><strong>Hvordan kommer man i gang med BookSpot?<\/strong><\/p>\n<p>Det er veldig enkelt \u00e5 komme i gang med BookSpot, og vi hjelper deg gjerne! Det beste er \u00e5 ringe oss p\u00e5 +468 745 02 02 eller <a href=\"https:\/\/bookspot.io\/se\/boka-demo\/\" target=\"_blank\" rel=\"noopener\"><span style=\"color: #7461ff;\">booke en demo<\/span><\/a>, slik at vi kan f\u00e5 vite mer om dine behov og hvordan vi kan sette opp kontoen din for at du skal f\u00e5 mest mulig ut av systemet!<\/p>\n\n                    <\/div>\n    <\/div>\n<\/section>\n","protected":false},"excerpt":{"rendered":"","protected":false},"author":2,"featured_media":0,"parent":0,"menu_order":0,"comment_status":"closed","ping_status":"closed","template":"","meta":{"_acf_changed":false,"footnotes":""},"class_list":["post-5037","page","type-page","status-publish","hentry"],"acf":[],"yoast_head":"<!-- This site is optimized with the Yoast SEO plugin v27.0 - https:\/\/yoast.com\/product\/yoast-seo-wordpress\/ -->\n<title>Bookingsystem online - Bookspot<\/title>\n<meta name=\"description\" content=\"BookSpot er et digitalt bookingsystem som gj\u00f8r det enkelt og effektivt \u00e5 holde oversikt over og h\u00e5ndtere din virksomhets bookinger online.\" \/>\n<meta name=\"robots\" content=\"index, follow, max-snippet:-1, max-image-preview:large, max-video-preview:-1\" \/>\n<link rel=\"canonical\" href=\"https:\/\/bookspot.io\/no\/bookingsystem-online\/\" \/>\n<meta property=\"og:locale\" content=\"nb_NO\" \/>\n<meta property=\"og:type\" content=\"article\" \/>\n<meta property=\"og:title\" content=\"Bookingsystem online - Bookspot\" \/>\n<meta property=\"og:description\" content=\"BookSpot er et digitalt bookingsystem som gj\u00f8r det enkelt og effektivt \u00e5 holde oversikt over og h\u00e5ndtere din virksomhets bookinger online.\" \/>\n<meta property=\"og:url\" content=\"https:\/\/bookspot.io\/no\/bookingsystem-online\/\" \/>\n<meta property=\"og:site_name\" content=\"Bookspot\" \/>\n<meta property=\"article:publisher\" content=\"https:\/\/www.facebook.com\/bookspot.booking.system\" \/>\n<meta property=\"article:modified_time\" content=\"2024-04-24T07:31:14+00:00\" \/>\n<meta property=\"og:image\" content=\"https:\/\/bookspot.io\/wp-content\/uploads\/2024\/07\/Avatar_flow-on-transparent.png\" \/>\n\t<meta property=\"og:image:width\" content=\"1671\" \/>\n\t<meta property=\"og:image:height\" content=\"1671\" \/>\n\t<meta property=\"og:image:type\" content=\"image\/png\" \/>\n<meta name=\"twitter:card\" content=\"summary_large_image\" \/>\n<script type=\"application\/ld+json\" class=\"yoast-schema-graph\">{\"@context\":\"https:\/\/schema.org\",\"@graph\":[{\"@type\":\"WebPage\",\"@id\":\"https:\/\/bookspot.io\/no\/bookingsystem-online\/\",\"url\":\"https:\/\/bookspot.io\/no\/bookingsystem-online\/\",\"name\":\"Bookingsystem online - Bookspot\",\"isPartOf\":{\"@id\":\"\/#website\"},\"datePublished\":\"2022-09-26T08:59:20+00:00\",\"dateModified\":\"2024-04-24T07:31:14+00:00\",\"description\":\"BookSpot er et digitalt bookingsystem som gj\u00f8r det enkelt og effektivt \u00e5 holde oversikt over og h\u00e5ndtere din virksomhets bookinger online.\",\"breadcrumb\":{\"@id\":\"https:\/\/bookspot.io\/no\/bookingsystem-online\/#breadcrumb\"},\"inLanguage\":\"nb-NO\",\"potentialAction\":[{\"@type\":\"ReadAction\",\"target\":[\"https:\/\/bookspot.io\/no\/bookingsystem-online\/\"]}]},{\"@type\":\"BreadcrumbList\",\"@id\":\"https:\/\/bookspot.io\/no\/bookingsystem-online\/#breadcrumb\",\"itemListElement\":[{\"@type\":\"ListItem\",\"position\":1,\"name\":\"Home\",\"item\":\"https:\/\/bookspot.io\/no\/\"},{\"@type\":\"ListItem\",\"position\":2,\"name\":\"Bookingsystem online\"}]},{\"@type\":\"WebSite\",\"@id\":\"\/#website\",\"url\":\"\/\",\"name\":\"BookSpot\",\"description\":\"Bokningssystem f\u00f6r aktiviteter\",\"publisher\":{\"@id\":\"\/#organization\"},\"potentialAction\":[{\"@type\":\"SearchAction\",\"target\":{\"@type\":\"EntryPoint\",\"urlTemplate\":\"\/?s={search_term_string}\"},\"query-input\":{\"@type\":\"PropertyValueSpecification\",\"valueRequired\":true,\"valueName\":\"search_term_string\"}}],\"inLanguage\":\"nb-NO\"},{\"@type\":\"Organization\",\"@id\":\"\/#organization\",\"name\":\"BookSpot\",\"url\":\"\/\",\"logo\":{\"@type\":\"ImageObject\",\"inLanguage\":\"nb-NO\",\"@id\":\"\/#\/schema\/logo\/image\/\",\"url\":\"https:\/\/bookspot.io\/wp-content\/uploads\/2024\/07\/Symbol_flow.svg\",\"contentUrl\":\"https:\/\/bookspot.io\/wp-content\/uploads\/2024\/07\/Symbol_flow.svg\",\"width\":1,\"height\":1,\"caption\":\"BookSpot\"},\"image\":{\"@id\":\"\/#\/schema\/logo\/image\/\"},\"sameAs\":[\"https:\/\/www.facebook.com\/bookspot.booking.system\"]}]}<\/script>\n<!-- \/ Yoast SEO plugin. -->","yoast_head_json":{"title":"Bookingsystem online - Bookspot","description":"BookSpot er et digitalt bookingsystem som gj\u00f8r det enkelt og effektivt \u00e5 holde oversikt over og h\u00e5ndtere din virksomhets bookinger online.","robots":{"index":"index","follow":"follow","max-snippet":"max-snippet:-1","max-image-preview":"max-image-preview:large","max-video-preview":"max-video-preview:-1"},"canonical":"https:\/\/bookspot.io\/no\/bookingsystem-online\/","og_locale":"nb_NO","og_type":"article","og_title":"Bookingsystem online - Bookspot","og_description":"BookSpot er et digitalt bookingsystem som gj\u00f8r det enkelt og effektivt \u00e5 holde oversikt over og h\u00e5ndtere din virksomhets bookinger online.","og_url":"https:\/\/bookspot.io\/no\/bookingsystem-online\/","og_site_name":"Bookspot","article_publisher":"https:\/\/www.facebook.com\/bookspot.booking.system","article_modified_time":"2024-04-24T07:31:14+00:00","og_image":[{"width":1671,"height":1671,"url":"https:\/\/bookspot.io\/wp-content\/uploads\/2024\/07\/Avatar_flow-on-transparent.png","type":"image\/png"}],"twitter_card":"summary_large_image","schema":{"@context":"https:\/\/schema.org","@graph":[{"@type":"WebPage","@id":"https:\/\/bookspot.io\/no\/bookingsystem-online\/","url":"https:\/\/bookspot.io\/no\/bookingsystem-online\/","name":"Bookingsystem online - Bookspot","isPartOf":{"@id":"\/#website"},"datePublished":"2022-09-26T08:59:20+00:00","dateModified":"2024-04-24T07:31:14+00:00","description":"BookSpot er et digitalt bookingsystem som gj\u00f8r det enkelt og effektivt \u00e5 holde oversikt over og h\u00e5ndtere din virksomhets bookinger online.","breadcrumb":{"@id":"https:\/\/bookspot.io\/no\/bookingsystem-online\/#breadcrumb"},"inLanguage":"nb-NO","potentialAction":[{"@type":"ReadAction","target":["https:\/\/bookspot.io\/no\/bookingsystem-online\/"]}]},{"@type":"BreadcrumbList","@id":"https:\/\/bookspot.io\/no\/bookingsystem-online\/#breadcrumb","itemListElement":[{"@type":"ListItem","position":1,"name":"Home","item":"https:\/\/bookspot.io\/no\/"},{"@type":"ListItem","position":2,"name":"Bookingsystem online"}]},{"@type":"WebSite","@id":"\/#website","url":"\/","name":"BookSpot","description":"Bokningssystem f\u00f6r aktiviteter","publisher":{"@id":"\/#organization"},"potentialAction":[{"@type":"SearchAction","target":{"@type":"EntryPoint","urlTemplate":"\/?s={search_term_string}"},"query-input":{"@type":"PropertyValueSpecification","valueRequired":true,"valueName":"search_term_string"}}],"inLanguage":"nb-NO"},{"@type":"Organization","@id":"\/#organization","name":"BookSpot","url":"\/","logo":{"@type":"ImageObject","inLanguage":"nb-NO","@id":"\/#\/schema\/logo\/image\/","url":"https:\/\/bookspot.io\/wp-content\/uploads\/2024\/07\/Symbol_flow.svg","contentUrl":"https:\/\/bookspot.io\/wp-content\/uploads\/2024\/07\/Symbol_flow.svg","width":1,"height":1,"caption":"BookSpot"},"image":{"@id":"\/#\/schema\/logo\/image\/"},"sameAs":["https:\/\/www.facebook.com\/bookspot.booking.system"]}]}},"_links":{"self":[{"href":"https:\/\/bookspot.io\/no\/wp-json\/wp\/v2\/pages\/5037","targetHints":{"allow":["GET"]}}],"collection":[{"href":"https:\/\/bookspot.io\/no\/wp-json\/wp\/v2\/pages"}],"about":[{"href":"https:\/\/bookspot.io\/no\/wp-json\/wp\/v2\/types\/page"}],"author":[{"embeddable":true,"href":"https:\/\/bookspot.io\/no\/wp-json\/wp\/v2\/users\/2"}],"replies":[{"embeddable":true,"href":"https:\/\/bookspot.io\/no\/wp-json\/wp\/v2\/comments?post=5037"}],"version-history":[{"count":6,"href":"https:\/\/bookspot.io\/no\/wp-json\/wp\/v2\/pages\/5037\/revisions"}],"predecessor-version":[{"id":5202,"href":"https:\/\/bookspot.io\/no\/wp-json\/wp\/v2\/pages\/5037\/revisions\/5202"}],"wp:attachment":[{"href":"https:\/\/bookspot.io\/no\/wp-json\/wp\/v2\/media?parent=5037"}],"curies":[{"name":"wp","href":"https:\/\/api.w.org\/{rel}","templated":true}]}}